{"id":977,"date":"2020-02-16T16:07:57","date_gmt":"2020-02-16T15:07:57","guid":{"rendered":"https:\/\/www.eBai.cz\/eshop\/?post_type=product&#038;p=977"},"modified":"2020-02-16T16:07:57","modified_gmt":"2020-02-16T15:07:57","slug":"couvaci-kamerovy-system-170-do-auta-kompletni-set","status":"publish","type":"product","link":"https:\/\/www.eBai.cz\/eshop\/produkt\/couvaci-kamerovy-system-170-do-auta-kompletni-set\/","title":{"rendered":"Couvac\u00ed kamerov\u00fd syst\u00e9m 170\u00b0 do auta KOMPLETN\u00cd SET"},"content":{"rendered":"<p>Couvac\u00ed kamerov\u00fd syst\u00e9m 170\u00b0 do auta KOMPLETN\u00cd SET<\/p>\n<p>Jednoduch\u00e1 instalace.<\/p>\n<p>Couvac\u00ed kamerov\u00fd syst\u00e9m do auta kompletn\u00ed set na zabudov\u00e1n\u00ed<br \/>\nSada obsahuje:<br \/>\nLCD monitor (2\u00d7 video vstup)<br \/>\nCCTV kamera 170\u00b0<br \/>\nkabel\u00e1\u017e a redukce<\/p>\n<p>mo\u017enost mont\u00e1\u017ee (za p\u0159\u00edplatek)<br \/>\nsn\u00edm\u00e1n\u00ed je mo\u017en\u00e9 nastavit jen p\u0159i zp\u011btn\u00e9m za\u0159azen\u00ed rychlosti nebo trvale zp\u0159\u00edstupnit, velmi se hod\u00ed pro vozwn\u00ed n\u00e1kladu na voz\u00edku, v p\u0159\u00edpad\u011b t\u00e9to pot\u0159eby se hod\u00ed dokoupit 20m kabel a redukce. Klidn\u011b napi\u0161te r\u00e1d V\u00e1m porad\u00edm<\/p>\n<p>v\u00fdhody kamery:<br \/>\nnic nep\u0159ehl\u00e9dnete<br \/>\nmax. vyu\u017eit\u00ed prostoru<br \/>\nkdy\u017e vezete na voz\u00edku n\u00e1klad, permanetn\u00ed dohled<br \/>\nn\u00edzk\u00e1 cena<\/p>\n","protected":false},"excerpt":{"rendered":"<p>Couvac\u00ed kamerov\u00fd syst\u00e9m 170\u00b0 do auta KOMPLETN\u00cd SET Jednoduch\u00e1 instalace. Couvac\u00ed kamerov\u00fd syst\u00e9m do auta kompletn\u00ed set na zabudov\u00e1n\u00ed Sada obsahuje: LCD monitor (2\u00d7 video vstup) CCTV kamera 170\u00b0 kabel\u00e1\u017e a redukce mo\u017enost mont\u00e1\u017ee (za p\u0159\u00edplatek) sn\u00edm\u00e1n\u00ed je mo\u017en\u00e9 nastavit jen p\u0159i zp\u011btn\u00e9m za\u0159azen\u00ed rychlosti nebo trvale zp\u0159\u00edstupnit, velmi se hod\u00ed pro vozwn\u00ed n\u00e1kladu na [&hellip;]<\/p>\n","protected":false},"featured_media":978,"comment_status":"open","ping_status":"closed","template":"","meta":[],"product_brand":[],"product_cat":[41,33],"product_tag":[],"class_list":{"0":"post-977","1":"product","2":"type-product","3":"status-publish","4":"has-post-thumbnail","6":"product_cat-zabezpeceni","7":"product_cat-pro-auto","9":"first","10":"instock","11":"sale","12":"taxable","13":"shipping-taxable","14":"purchasable","15":"product-type-simple"},"jetpack_sharing_enabled":true,"_links":{"self":[{"href":"https:\/\/www.eBai.cz\/eshop\/wp-json\/wp\/v2\/product\/977","targetHints":{"allow":["GET"]}}],"collection":[{"href":"https:\/\/www.eBai.cz\/eshop\/wp-json\/wp\/v2\/product"}],"about":[{"href":"https:\/\/www.eBai.cz\/eshop\/wp-json\/wp\/v2\/types\/product"}],"replies":[{"embeddable":true,"href":"https:\/\/www.eBai.cz\/eshop\/wp-json\/wp\/v2\/comments?post=977"}],"wp:featuredmedia":[{"embeddable":true,"href":"https:\/\/www.eBai.cz\/eshop\/wp-json\/wp\/v2\/media\/978"}],"wp:attachment":[{"href":"https:\/\/www.eBai.cz\/eshop\/wp-json\/wp\/v2\/media?parent=977"}],"wp:term":[{"taxonomy":"product_brand","embeddable":true,"href":"https:\/\/www.eBai.cz\/eshop\/wp-json\/wp\/v2\/product_brand?post=977"},{"taxonomy":"product_cat","embeddable":true,"href":"https:\/\/www.eBai.cz\/eshop\/wp-json\/wp\/v2\/product_cat?post=977"},{"taxonomy":"product_tag","embeddable":true,"href":"https:\/\/www.eBai.cz\/eshop\/wp-json\/wp\/v2\/product_tag?post=977"}],"curies":[{"name":"wp","href":"https:\/\/api.w.org\/{rel}","templated":true}]}}