{"id":975,"date":"2020-02-16T16:04:56","date_gmt":"2020-02-16T15:04:56","guid":{"rendered":"https:\/\/www.eBai.cz\/eshop\/?post_type=product&#038;p=975"},"modified":"2020-02-19T21:23:09","modified_gmt":"2020-02-19T20:23:09","slug":"kamera-cctv-se-zvukem-mini","status":"publish","type":"product","link":"https:\/\/www.eBai.cz\/eshop\/produkt\/kamera-cctv-se-zvukem-mini\/","title":{"rendered":"Kamera CCTV se zvukem mini"},"content":{"rendered":"<p>Kamera CCTV se zvukem mini<br \/>\nV\u00fdm\u011bnn\u00fd objektiv M12<br \/>\nVideo input: 1\u00d7 CINCH<br \/>\nAudio input: 1\u00d7 CINCH<br \/>\nnap\u00e1jen\u00ed 12V<\/p>\n","protected":false},"excerpt":{"rendered":"<p>Kamera CCTV se zvukem mini V\u00fdm\u011bnn\u00fd objektiv M12 Video input: 1\u00d7 CINCH Audio input: 1\u00d7 CINCH nap\u00e1jen\u00ed 12V<\/p>\n","protected":false},"featured_media":976,"comment_status":"open","ping_status":"closed","template":"","meta":[],"product_brand":[],"product_cat":[41],"product_tag":[],"class_list":{"0":"post-975","1":"product","2":"type-product","3":"status-publish","4":"has-post-thumbnail","6":"product_cat-zabezpeceni","8":"first","9":"instock","10":"sale","11":"taxable","12":"shipping-taxable","13":"purchasable","14":"product-type-simple"},"jetpack_sharing_enabled":true,"_links":{"self":[{"href":"https:\/\/www.eBai.cz\/eshop\/wp-json\/wp\/v2\/product\/975","targetHints":{"allow":["GET"]}}],"collection":[{"href":"https:\/\/www.eBai.cz\/eshop\/wp-json\/wp\/v2\/product"}],"about":[{"href":"https:\/\/www.eBai.cz\/eshop\/wp-json\/wp\/v2\/types\/product"}],"replies":[{"embeddable":true,"href":"https:\/\/www.eBai.cz\/eshop\/wp-json\/wp\/v2\/comments?post=975"}],"wp:featuredmedia":[{"embeddable":true,"href":"https:\/\/www.eBai.cz\/eshop\/wp-json\/wp\/v2\/media\/976"}],"wp:attachment":[{"href":"https:\/\/www.eBai.cz\/eshop\/wp-json\/wp\/v2\/media?parent=975"}],"wp:term":[{"taxonomy":"product_brand","embeddable":true,"href":"https:\/\/www.eBai.cz\/eshop\/wp-json\/wp\/v2\/product_brand?post=975"},{"taxonomy":"product_cat","embeddable":true,"href":"https:\/\/www.eBai.cz\/eshop\/wp-json\/wp\/v2\/product_cat?post=975"},{"taxonomy":"product_tag","embeddable":true,"href":"https:\/\/www.eBai.cz\/eshop\/wp-json\/wp\/v2\/product_tag?post=975"}],"curies":[{"name":"wp","href":"https:\/\/api.w.org\/{rel}","templated":true}]}}