{"id":937,"date":"2020-02-16T11:11:13","date_gmt":"2020-02-16T10:11:13","guid":{"rendered":"https:\/\/www.eBai.cz\/eshop\/?post_type=product&#038;p=937"},"modified":"2020-02-16T15:39:45","modified_gmt":"2020-02-16T14:39:45","slug":"43-lcd-displej-na-sledovani-testovani-dvou-cctv-kamer","status":"publish","type":"product","link":"https:\/\/www.eBai.cz\/eshop\/produkt\/43-lcd-displej-na-sledovani-testovani-dvou-cctv-kamer\/","title":{"rendered":"4,3&#8243; LCD displej na sledov\u00e1n\u00ed testov\u00e1n\u00ed dvou CCTV kamer"},"content":{"rendered":"<p>4,3&#8243; LCD displej na sledov\u00e1n\u00ed testov\u00e1n\u00ed dvou \u010di jedn\u00e9 CCTV kamery<br \/>\n2\u00d7 Video vstup<br \/>\nNap\u00e1jen\u00ed 12V<br \/>\nP\u0159ipojen\u00ed kamer p\u0159es CINCH<br \/>\nvelikost 13\u00d79\u00d73cm<\/p>\n","protected":false},"excerpt":{"rendered":"<p>4,3&#8243; LCD displej na sledov\u00e1n\u00ed testov\u00e1n\u00ed dvou \u010di jedn\u00e9 CCTV kamery 2\u00d7 Video vstup Nap\u00e1jen\u00ed 12V P\u0159ipojen\u00ed kamer p\u0159es CINCH velikost 13\u00d79\u00d73cm<\/p>\n","protected":false},"featured_media":938,"comment_status":"open","ping_status":"closed","template":"","meta":[],"product_brand":[],"product_cat":[41,33],"product_tag":[],"class_list":{"0":"post-937","1":"product","2":"type-product","3":"status-publish","4":"has-post-thumbnail","6":"product_cat-zabezpeceni","7":"product_cat-pro-auto","9":"first","10":"instock","11":"sale","12":"taxable","13":"shipping-taxable","14":"purchasable","15":"product-type-simple"},"jetpack_sharing_enabled":true,"_links":{"self":[{"href":"https:\/\/www.eBai.cz\/eshop\/wp-json\/wp\/v2\/product\/937","targetHints":{"allow":["GET"]}}],"collection":[{"href":"https:\/\/www.eBai.cz\/eshop\/wp-json\/wp\/v2\/product"}],"about":[{"href":"https:\/\/www.eBai.cz\/eshop\/wp-json\/wp\/v2\/types\/product"}],"replies":[{"embeddable":true,"href":"https:\/\/www.eBai.cz\/eshop\/wp-json\/wp\/v2\/comments?post=937"}],"wp:featuredmedia":[{"embeddable":true,"href":"https:\/\/www.eBai.cz\/eshop\/wp-json\/wp\/v2\/media\/938"}],"wp:attachment":[{"href":"https:\/\/www.eBai.cz\/eshop\/wp-json\/wp\/v2\/media?parent=937"}],"wp:term":[{"taxonomy":"product_brand","embeddable":true,"href":"https:\/\/www.eBai.cz\/eshop\/wp-json\/wp\/v2\/product_brand?post=937"},{"taxonomy":"product_cat","embeddable":true,"href":"https:\/\/www.eBai.cz\/eshop\/wp-json\/wp\/v2\/product_cat?post=937"},{"taxonomy":"product_tag","embeddable":true,"href":"https:\/\/www.eBai.cz\/eshop\/wp-json\/wp\/v2\/product_tag?post=937"}],"curies":[{"name":"wp","href":"https:\/\/api.w.org\/{rel}","templated":true}]}}