{"id":861,"date":"2020-02-15T01:19:15","date_gmt":"2020-02-15T00:19:15","guid":{"rendered":"https:\/\/www.eBai.cz\/eshop\/?post_type=product&#038;p=861"},"modified":"2021-03-28T17:45:03","modified_gmt":"2021-03-28T15:45:03","slug":"silikonove-tkanicky-do-bot-neni-nutne-zadne-zavazovani-novinka","status":"publish","type":"product","link":"https:\/\/www.eBai.cz\/eshop\/produkt\/silikonove-tkanicky-do-bot-neni-nutne-zadne-zavazovani-novinka\/","title":{"rendered":"Silikonov\u00e9 tkani\u010dky do bot nen\u00ed nutn\u00e9 \u017e\u00e1dn\u00e9 zavazov\u00e1n\u00ed NOVINKA"},"content":{"rendered":"<p>Silikonov\u00e9 tkani\u010dky do bot nen\u00ed nutn\u00e9 \u017e\u00e1dn\u00e9 zavazov\u00e1n\u00ed<\/p>\n<p>R\u016fzn\u00e9 barvy: fialov\u00e1, tyrkysov\u00e1, oran\u017eov\u00e1, \u017elut\u00e1, zelen\u00e1, \u010derven\u00e1, b\u00edl\u00e1, \u010dern\u00e1<\/p>\n","protected":false},"excerpt":{"rendered":"<p>Silikonov\u00e9 tkani\u010dky do bot nen\u00ed nutn\u00e9 \u017e\u00e1dn\u00e9 zavazov\u00e1n\u00ed R\u016fzn\u00e9 barvy: fialov\u00e1, tyrkysov\u00e1, oran\u017eov\u00e1, \u017elut\u00e1, zelen\u00e1, \u010derven\u00e1, b\u00edl\u00e1, \u010dern\u00e1<\/p>\n","protected":false},"featured_media":862,"comment_status":"open","ping_status":"closed","template":"","meta":[],"product_brand":[],"product_cat":[42],"product_tag":[],"class_list":{"0":"post-861","1":"product","2":"type-product","3":"status-publish","4":"has-post-thumbnail","6":"product_cat-obleceni","8":"first","9":"instock","10":"sale","11":"taxable","12":"shipping-taxable","13":"purchasable","14":"product-type-simple"},"jetpack_sharing_enabled":true,"_links":{"self":[{"href":"https:\/\/www.eBai.cz\/eshop\/wp-json\/wp\/v2\/product\/861","targetHints":{"allow":["GET"]}}],"collection":[{"href":"https:\/\/www.eBai.cz\/eshop\/wp-json\/wp\/v2\/product"}],"about":[{"href":"https:\/\/www.eBai.cz\/eshop\/wp-json\/wp\/v2\/types\/product"}],"replies":[{"embeddable":true,"href":"https:\/\/www.eBai.cz\/eshop\/wp-json\/wp\/v2\/comments?post=861"}],"wp:featuredmedia":[{"embeddable":true,"href":"https:\/\/www.eBai.cz\/eshop\/wp-json\/wp\/v2\/media\/862"}],"wp:attachment":[{"href":"https:\/\/www.eBai.cz\/eshop\/wp-json\/wp\/v2\/media?parent=861"}],"wp:term":[{"taxonomy":"product_brand","embeddable":true,"href":"https:\/\/www.eBai.cz\/eshop\/wp-json\/wp\/v2\/product_brand?post=861"},{"taxonomy":"product_cat","embeddable":true,"href":"https:\/\/www.eBai.cz\/eshop\/wp-json\/wp\/v2\/product_cat?post=861"},{"taxonomy":"product_tag","embeddable":true,"href":"https:\/\/www.eBai.cz\/eshop\/wp-json\/wp\/v2\/product_tag?post=861"}],"curies":[{"name":"wp","href":"https:\/\/api.w.org\/{rel}","templated":true}]}}