{"id":841,"date":"2020-02-15T00:40:25","date_gmt":"2020-02-14T23:40:25","guid":{"rendered":"https:\/\/www.eBai.cz\/eshop\/?post_type=product&#038;p=841"},"modified":"2020-06-12T16:06:44","modified_gmt":"2020-06-12T14:06:44","slug":"cyklisticky-zvonek-na-riditka","status":"publish","type":"product","link":"https:\/\/www.eBai.cz\/eshop\/produkt\/cyklisticky-zvonek-na-riditka\/","title":{"rendered":"Cyklistick\u00fd zvonek na \u0159\u00edd\u00edtka"},"content":{"rendered":"<p>Cyklistick\u00fd zvonek na \u0159\u00edd\u00edtka o pr\u016fm\u011bru 22mm.<\/p>\n<p>\u0160\u0165astnou cestu bez nehod.<\/p>\n","protected":false},"excerpt":{"rendered":"<p>Cyklistick\u00fd zvonek na \u0159\u00edd\u00edtka o pr\u016fm\u011bru 22mm. \u0160\u0165astnou cestu bez nehod.<\/p>\n","protected":false},"featured_media":842,"comment_status":"open","ping_status":"closed","template":"","meta":[],"product_brand":[],"product_cat":[28],"product_tag":[],"class_list":{"0":"post-841","1":"product","2":"type-product","3":"status-publish","4":"has-post-thumbnail","6":"product_cat-pro-sport","8":"first","9":"instock","10":"sale","11":"taxable","12":"shipping-taxable","13":"purchasable","14":"product-type-simple"},"jetpack_sharing_enabled":true,"_links":{"self":[{"href":"https:\/\/www.eBai.cz\/eshop\/wp-json\/wp\/v2\/product\/841","targetHints":{"allow":["GET"]}}],"collection":[{"href":"https:\/\/www.eBai.cz\/eshop\/wp-json\/wp\/v2\/product"}],"about":[{"href":"https:\/\/www.eBai.cz\/eshop\/wp-json\/wp\/v2\/types\/product"}],"replies":[{"embeddable":true,"href":"https:\/\/www.eBai.cz\/eshop\/wp-json\/wp\/v2\/comments?post=841"}],"wp:featuredmedia":[{"embeddable":true,"href":"https:\/\/www.eBai.cz\/eshop\/wp-json\/wp\/v2\/media\/842"}],"wp:attachment":[{"href":"https:\/\/www.eBai.cz\/eshop\/wp-json\/wp\/v2\/media?parent=841"}],"wp:term":[{"taxonomy":"product_brand","embeddable":true,"href":"https:\/\/www.eBai.cz\/eshop\/wp-json\/wp\/v2\/product_brand?post=841"},{"taxonomy":"product_cat","embeddable":true,"href":"https:\/\/www.eBai.cz\/eshop\/wp-json\/wp\/v2\/product_cat?post=841"},{"taxonomy":"product_tag","embeddable":true,"href":"https:\/\/www.eBai.cz\/eshop\/wp-json\/wp\/v2\/product_tag?post=841"}],"curies":[{"name":"wp","href":"https:\/\/api.w.org\/{rel}","templated":true}]}}