{"id":837,"date":"2020-02-15T00:31:02","date_gmt":"2020-02-14T23:31:02","guid":{"rendered":"https:\/\/www.eBai.cz\/eshop\/?post_type=product&#038;p=837"},"modified":"2020-02-15T00:31:02","modified_gmt":"2020-02-14T23:31:02","slug":"cyklo-brasna-nepromokava-wheel-up-navigace-a-ulozny-prostor","status":"publish","type":"product","link":"https:\/\/www.eBai.cz\/eshop\/produkt\/cyklo-brasna-nepromokava-wheel-up-navigace-a-ulozny-prostor\/","title":{"rendered":"Cyklo bra\u0161na nepromokav\u00e1 Wheel Up navigace a \u00falo\u017en\u00fd prostor"},"content":{"rendered":"<p>Cyklo bra\u0161na nepromokav\u00e1 Wheel Up navigace a \u00falo\u017en\u00fd prostor na \u0159\u00edd\u00edtka na kolo.<\/p>\n<p>\u0160\u0165astnou cestu bez nehod.<\/p>\n","protected":false},"excerpt":{"rendered":"<p>Cyklo bra\u0161na nepromokav\u00e1 Wheel Up navigace a \u00falo\u017en\u00fd prostor na \u0159\u00edd\u00edtka na kolo. \u0160\u0165astnou cestu bez nehod.<\/p>\n","protected":false},"featured_media":838,"comment_status":"open","ping_status":"closed","template":"","meta":[],"product_brand":[],"product_cat":[28],"product_tag":[],"class_list":{"0":"post-837","1":"product","2":"type-product","3":"status-publish","4":"has-post-thumbnail","6":"product_cat-pro-sport","8":"first","9":"instock","10":"taxable","11":"shipping-taxable","12":"purchasable","13":"product-type-simple"},"jetpack_sharing_enabled":true,"_links":{"self":[{"href":"https:\/\/www.eBai.cz\/eshop\/wp-json\/wp\/v2\/product\/837","targetHints":{"allow":["GET"]}}],"collection":[{"href":"https:\/\/www.eBai.cz\/eshop\/wp-json\/wp\/v2\/product"}],"about":[{"href":"https:\/\/www.eBai.cz\/eshop\/wp-json\/wp\/v2\/types\/product"}],"replies":[{"embeddable":true,"href":"https:\/\/www.eBai.cz\/eshop\/wp-json\/wp\/v2\/comments?post=837"}],"wp:featuredmedia":[{"embeddable":true,"href":"https:\/\/www.eBai.cz\/eshop\/wp-json\/wp\/v2\/media\/838"}],"wp:attachment":[{"href":"https:\/\/www.eBai.cz\/eshop\/wp-json\/wp\/v2\/media?parent=837"}],"wp:term":[{"taxonomy":"product_brand","embeddable":true,"href":"https:\/\/www.eBai.cz\/eshop\/wp-json\/wp\/v2\/product_brand?post=837"},{"taxonomy":"product_cat","embeddable":true,"href":"https:\/\/www.eBai.cz\/eshop\/wp-json\/wp\/v2\/product_cat?post=837"},{"taxonomy":"product_tag","embeddable":true,"href":"https:\/\/www.eBai.cz\/eshop\/wp-json\/wp\/v2\/product_tag?post=837"}],"curies":[{"name":"wp","href":"https:\/\/api.w.org\/{rel}","templated":true}]}}