{"id":833,"date":"2020-02-15T00:19:24","date_gmt":"2020-02-14T23:19:24","guid":{"rendered":"https:\/\/www.eBai.cz\/eshop\/?post_type=product&#038;p=833"},"modified":"2020-02-15T00:19:24","modified_gmt":"2020-02-14T23:19:24","slug":"cyklo-mapa-neusiedler-see-neziderskeho-jezera","status":"publish","type":"product","link":"https:\/\/www.eBai.cz\/eshop\/produkt\/cyklo-mapa-neusiedler-see-neziderskeho-jezera\/","title":{"rendered":"Cyklo mapa Neusiedler See &#8211; Nezidersk\u00e9ho jezera"},"content":{"rendered":"<p>Cyklistick\u00e1 mapa Neusiedler See \/ Nezidersk\u00e9ho jezera.<br \/>\nCyklo mapa Neusiedler See \/ Nezidersk\u00e9ho jezera, je v n\u011bm\u010din\u011b, jsou zde v\u0161echny cyklo trasy.<br \/>\nVynikaj\u00edc\u00ed trasy na kole, skoro v\u0161echny trasy jsou po rovin\u011b a velmi dobr\u00e9 pro rodiny s d\u011btmi.<br \/>\nRakousk\u00e1 strana je lep\u0161\u00ed a v rovin\u011b, ma\u010farsk\u00e1 strana je neudr\u017eovan\u00e1.<\/p>\n<p>\u0160\u0165astnou cestu bez nehod.<\/p>\n","protected":false},"excerpt":{"rendered":"<p>Cyklistick\u00e1 mapa Neusiedler See \/ Nezidersk\u00e9ho jezera. Cyklo mapa Neusiedler See \/ Nezidersk\u00e9ho jezera, je v n\u011bm\u010din\u011b, jsou zde v\u0161echny cyklo trasy. Vynikaj\u00edc\u00ed trasy na kole, skoro v\u0161echny trasy jsou po rovin\u011b a velmi dobr\u00e9 pro rodiny s d\u011btmi. Rakousk\u00e1 strana je lep\u0161\u00ed a v rovin\u011b, ma\u010farsk\u00e1 strana je neudr\u017eovan\u00e1. \u0160\u0165astnou cestu bez nehod.<\/p>\n","protected":false},"featured_media":834,"comment_status":"open","ping_status":"closed","template":"","meta":[],"product_brand":[],"product_cat":[28],"product_tag":[],"class_list":{"0":"post-833","1":"product","2":"type-product","3":"status-publish","4":"has-post-thumbnail","6":"product_cat-pro-sport","8":"first","9":"instock","10":"sale","11":"taxable","12":"shipping-taxable","13":"purchasable","14":"product-type-simple"},"jetpack_sharing_enabled":true,"_links":{"self":[{"href":"https:\/\/www.eBai.cz\/eshop\/wp-json\/wp\/v2\/product\/833","targetHints":{"allow":["GET"]}}],"collection":[{"href":"https:\/\/www.eBai.cz\/eshop\/wp-json\/wp\/v2\/product"}],"about":[{"href":"https:\/\/www.eBai.cz\/eshop\/wp-json\/wp\/v2\/types\/product"}],"replies":[{"embeddable":true,"href":"https:\/\/www.eBai.cz\/eshop\/wp-json\/wp\/v2\/comments?post=833"}],"wp:featuredmedia":[{"embeddable":true,"href":"https:\/\/www.eBai.cz\/eshop\/wp-json\/wp\/v2\/media\/834"}],"wp:attachment":[{"href":"https:\/\/www.eBai.cz\/eshop\/wp-json\/wp\/v2\/media?parent=833"}],"wp:term":[{"taxonomy":"product_brand","embeddable":true,"href":"https:\/\/www.eBai.cz\/eshop\/wp-json\/wp\/v2\/product_brand?post=833"},{"taxonomy":"product_cat","embeddable":true,"href":"https:\/\/www.eBai.cz\/eshop\/wp-json\/wp\/v2\/product_cat?post=833"},{"taxonomy":"product_tag","embeddable":true,"href":"https:\/\/www.eBai.cz\/eshop\/wp-json\/wp\/v2\/product_tag?post=833"}],"curies":[{"name":"wp","href":"https:\/\/api.w.org\/{rel}","templated":true}]}}