{"id":823,"date":"2020-02-14T23:47:20","date_gmt":"2020-02-14T22:47:20","guid":{"rendered":"https:\/\/www.eBai.cz\/eshop\/?post_type=product&#038;p=823"},"modified":"2023-07-15T15:45:48","modified_gmt":"2023-07-15T13:45:48","slug":"blikacka-modra-do-rafku-kola-led-svitilna-na-kolo-3-rezimy","status":"publish","type":"product","link":"https:\/\/www.eBai.cz\/eshop\/produkt\/blikacka-modra-do-rafku-kola-led-svitilna-na-kolo-3-rezimy\/","title":{"rendered":"Blika\u010dka modr\u00e1 do r\u00e1fku kola LED sv\u00edtilna na kolo 3 re\u017eimy"},"content":{"rendered":"<p>Blika\u010dka modr\u00e1 do r\u00e1fku kola LED sv\u00edtilna na kolo 3 re\u017eimy.<\/p>\n<p>M\u00e1 3 funkce: 2\u00d7 blikaj\u00edc\u00ed a trvale sv\u00edt\u00edc\u00ed. V\u010detn\u011b v\u0161ech bateri\u00ed. Velmi jednodu\u0161e se p\u0159ipne do r\u00e1fku kola.<br \/>\nV\u00e1ha: 10g<\/p>\n<p>\u0160\u0165astnou cestu bez nehod.<\/p>\n","protected":false},"excerpt":{"rendered":"<p>Blika\u010dka modr\u00e1 do r\u00e1fku kola LED sv\u00edtilna na kolo 3 re\u017eimy. M\u00e1 3 funkce: 2\u00d7 blikaj\u00edc\u00ed a trvale sv\u00edt\u00edc\u00ed. V\u010detn\u011b v\u0161ech bateri\u00ed. Velmi jednodu\u0161e se p\u0159ipne do r\u00e1fku kola. V\u00e1ha: 10g \u0160\u0165astnou cestu bez nehod.<\/p>\n","protected":false},"featured_media":824,"comment_status":"open","ping_status":"closed","template":"","meta":[],"product_brand":[],"product_cat":[28],"product_tag":[],"class_list":{"0":"post-823","1":"product","2":"type-product","3":"status-publish","4":"has-post-thumbnail","6":"product_cat-pro-sport","8":"first","9":"outofstock","10":"sale","11":"taxable","12":"shipping-taxable","13":"purchasable","14":"product-type-simple"},"jetpack_sharing_enabled":true,"_links":{"self":[{"href":"https:\/\/www.eBai.cz\/eshop\/wp-json\/wp\/v2\/product\/823","targetHints":{"allow":["GET"]}}],"collection":[{"href":"https:\/\/www.eBai.cz\/eshop\/wp-json\/wp\/v2\/product"}],"about":[{"href":"https:\/\/www.eBai.cz\/eshop\/wp-json\/wp\/v2\/types\/product"}],"replies":[{"embeddable":true,"href":"https:\/\/www.eBai.cz\/eshop\/wp-json\/wp\/v2\/comments?post=823"}],"wp:featuredmedia":[{"embeddable":true,"href":"https:\/\/www.eBai.cz\/eshop\/wp-json\/wp\/v2\/media\/824"}],"wp:attachment":[{"href":"https:\/\/www.eBai.cz\/eshop\/wp-json\/wp\/v2\/media?parent=823"}],"wp:term":[{"taxonomy":"product_brand","embeddable":true,"href":"https:\/\/www.eBai.cz\/eshop\/wp-json\/wp\/v2\/product_brand?post=823"},{"taxonomy":"product_cat","embeddable":true,"href":"https:\/\/www.eBai.cz\/eshop\/wp-json\/wp\/v2\/product_cat?post=823"},{"taxonomy":"product_tag","embeddable":true,"href":"https:\/\/www.eBai.cz\/eshop\/wp-json\/wp\/v2\/product_tag?post=823"}],"curies":[{"name":"wp","href":"https:\/\/api.w.org\/{rel}","templated":true}]}}