{"id":817,"date":"2020-02-14T23:43:57","date_gmt":"2020-02-14T22:43:57","guid":{"rendered":"https:\/\/www.eBai.cz\/eshop\/?post_type=product&#038;p=817"},"modified":"2023-07-15T15:45:48","modified_gmt":"2023-07-15T13:45:48","slug":"cyklo-computer-cyklocomputer-tachometr-na-kolo-25f","status":"publish","type":"product","link":"https:\/\/www.eBai.cz\/eshop\/produkt\/cyklo-computer-cyklocomputer-tachometr-na-kolo-25f\/","title":{"rendered":"Cyklo computer Cyklocomputer tachometr na kolo 25f"},"content":{"rendered":"<p>Cyklo computer Cyklocomputer tachometr na kolo<br \/>\n25 funkc\u00ed:<br \/>\n1. SPD: aktu\u00e1ln\u00ed rychlost (km\/miles)<br \/>\n2. ODO: celkov\u00fd po\u010det km\/miles (0-9999)<br \/>\n3. DST: po\u010d\u00edta\u010d jedn\u00e9 trasy\/cesty<br \/>\n4. MAX: maxim\u00e1ln\u00ed rychlost<br \/>\n5. AVS: pr\u016fm\u011brn\u00e1 rychlost<br \/>\n6. OTM: celkov\u00fd \u010das trasy<br \/>\n7. TM: \u010das trasy\/cesty (automaticky zap\u00edn\u00e1n)<br \/>\n8. RTM: \u010dist\u00fd \u010das j\u00edzdy<br \/>\n9. CLK: hodiny (12h\/24h)<br \/>\n10. SW: stopky<br \/>\n11. Teplota (-10\u00b0C ~ 50\u00b0C)<br \/>\n12. TM UP: Trip Time Up<br \/>\n13. TM DN: Trip Time Down<br \/>\n14. TRIP UP: Trip Distance Up<br \/>\n15. TRIP DN: Trip Distance Down<br \/>\n16. plus &#8211; Comparator<br \/>\n17. Maintenance Alert<br \/>\n18. Low-Speed Reminder<br \/>\n19. Over-Speed Reminder<br \/>\n20. Seeting Tyre Circumference<br \/>\n21. Seeting The Last Value Of Odometer<br \/>\n22. Setting OTM<br \/>\n23. Freeze Frame Memory<br \/>\n24. Auto ZAP\/VYP<br \/>\n25. Podsv\u00edcen\u00ed<\/p>\n<p>Barva: \u010cern\u00e1<br \/>\nBarva podsv\u00edcen\u00ed: Zelen\u00e1<br \/>\nMateri\u00e1l: Plast<br \/>\nBatterie: CR2032<br \/>\nVelikost: 57*40*17mm<br \/>\nLCD displej: 34*31mm<\/p>\n<p>\u0160\u0165astnou cestu bez nehod<\/p>\n","protected":false},"excerpt":{"rendered":"<p>Cyklo computer Cyklocomputer tachometr na kolo 25 funkc\u00ed: 1. SPD: aktu\u00e1ln\u00ed rychlost (km\/miles) 2. ODO: celkov\u00fd po\u010det km\/miles (0-9999) 3. DST: po\u010d\u00edta\u010d jedn\u00e9 trasy\/cesty 4. MAX: maxim\u00e1ln\u00ed rychlost 5. AVS: pr\u016fm\u011brn\u00e1 rychlost 6. OTM: celkov\u00fd \u010das trasy 7. TM: \u010das trasy\/cesty (automaticky zap\u00edn\u00e1n) 8. RTM: \u010dist\u00fd \u010das j\u00edzdy 9. CLK: hodiny (12h\/24h) 10. SW: stopky [&hellip;]<\/p>\n","protected":false},"featured_media":821,"comment_status":"open","ping_status":"closed","template":"","meta":[],"product_brand":[],"product_cat":[28],"product_tag":[],"class_list":{"0":"post-817","1":"product","2":"type-product","3":"status-publish","4":"has-post-thumbnail","6":"product_cat-pro-sport","8":"first","9":"outofstock","10":"sale","11":"taxable","12":"shipping-taxable","13":"purchasable","14":"product-type-simple"},"jetpack_sharing_enabled":true,"_links":{"self":[{"href":"https:\/\/www.eBai.cz\/eshop\/wp-json\/wp\/v2\/product\/817","targetHints":{"allow":["GET"]}}],"collection":[{"href":"https:\/\/www.eBai.cz\/eshop\/wp-json\/wp\/v2\/product"}],"about":[{"href":"https:\/\/www.eBai.cz\/eshop\/wp-json\/wp\/v2\/types\/product"}],"replies":[{"embeddable":true,"href":"https:\/\/www.eBai.cz\/eshop\/wp-json\/wp\/v2\/comments?post=817"}],"wp:featuredmedia":[{"embeddable":true,"href":"https:\/\/www.eBai.cz\/eshop\/wp-json\/wp\/v2\/media\/821"}],"wp:attachment":[{"href":"https:\/\/www.eBai.cz\/eshop\/wp-json\/wp\/v2\/media?parent=817"}],"wp:term":[{"taxonomy":"product_brand","embeddable":true,"href":"https:\/\/www.eBai.cz\/eshop\/wp-json\/wp\/v2\/product_brand?post=817"},{"taxonomy":"product_cat","embeddable":true,"href":"https:\/\/www.eBai.cz\/eshop\/wp-json\/wp\/v2\/product_cat?post=817"},{"taxonomy":"product_tag","embeddable":true,"href":"https:\/\/www.eBai.cz\/eshop\/wp-json\/wp\/v2\/product_tag?post=817"}],"curies":[{"name":"wp","href":"https:\/\/api.w.org\/{rel}","templated":true}]}}