{"id":815,"date":"2020-02-14T23:40:48","date_gmt":"2020-02-14T22:40:48","guid":{"rendered":"https:\/\/www.eBai.cz\/eshop\/?post_type=product&#038;p=815"},"modified":"2021-01-12T09:58:06","modified_gmt":"2021-01-12T08:58:06","slug":"prodluzovaci-kabel-ps-2-k-mysi-i-klavesnice-6f-6m-5m","status":"publish","type":"product","link":"https:\/\/www.eBai.cz\/eshop\/produkt\/prodluzovaci-kabel-ps-2-k-mysi-i-klavesnice-6f-6m-5m\/","title":{"rendered":"Prodlu\u017eovac\u00ed kabel PS\/2 k my\u0161i i kl\u00e1vesnice, 6F-6M, 5m"},"content":{"rendered":"<p>Prodlu\u017eka k my\u0161i i ke kl\u00e1vesnici<br \/>\nslou\u017e\u00ed jako prodlu\u017eovac\u00ed kabel k my\u0161i nebo kl\u00e1vesnici, bezvadn\u011b se hod\u00edc\u00ed k HTPC, Media center do obyv\u00e1ku k Televizi TV<\/p>\n<p>Kabel s konektory PS2 6F\/PS2 6M<br \/>\nZakon\u010den\u00ed: PS2 6F (samice)<br \/>\nZakon\u010den\u00ed: PS2 6M (samec)<br \/>\nD\u00e9lka: 5 metr\u016f<\/p>\n","protected":false},"excerpt":{"rendered":"<p>Prodlu\u017eka k my\u0161i i ke kl\u00e1vesnici slou\u017e\u00ed jako prodlu\u017eovac\u00ed kabel k my\u0161i nebo kl\u00e1vesnici, bezvadn\u011b se hod\u00edc\u00ed k HTPC, Media center do obyv\u00e1ku k Televizi TV Kabel s konektory PS2 6F\/PS2 6M Zakon\u010den\u00ed: PS2 6F (samice) Zakon\u010den\u00ed: PS2 6M (samec) D\u00e9lka: 5 metr\u016f<\/p>\n","protected":false},"featured_media":816,"comment_status":"open","ping_status":"closed","template":"","meta":[],"product_brand":[],"product_cat":[27],"product_tag":[],"class_list":{"0":"post-815","1":"product","2":"type-product","3":"status-publish","4":"has-post-thumbnail","6":"product_cat-pocitace","8":"first","9":"instock","10":"sale","11":"taxable","12":"shipping-taxable","13":"purchasable","14":"product-type-simple"},"jetpack_sharing_enabled":true,"_links":{"self":[{"href":"https:\/\/www.eBai.cz\/eshop\/wp-json\/wp\/v2\/product\/815","targetHints":{"allow":["GET"]}}],"collection":[{"href":"https:\/\/www.eBai.cz\/eshop\/wp-json\/wp\/v2\/product"}],"about":[{"href":"https:\/\/www.eBai.cz\/eshop\/wp-json\/wp\/v2\/types\/product"}],"replies":[{"embeddable":true,"href":"https:\/\/www.eBai.cz\/eshop\/wp-json\/wp\/v2\/comments?post=815"}],"wp:featuredmedia":[{"embeddable":true,"href":"https:\/\/www.eBai.cz\/eshop\/wp-json\/wp\/v2\/media\/816"}],"wp:attachment":[{"href":"https:\/\/www.eBai.cz\/eshop\/wp-json\/wp\/v2\/media?parent=815"}],"wp:term":[{"taxonomy":"product_brand","embeddable":true,"href":"https:\/\/www.eBai.cz\/eshop\/wp-json\/wp\/v2\/product_brand?post=815"},{"taxonomy":"product_cat","embeddable":true,"href":"https:\/\/www.eBai.cz\/eshop\/wp-json\/wp\/v2\/product_cat?post=815"},{"taxonomy":"product_tag","embeddable":true,"href":"https:\/\/www.eBai.cz\/eshop\/wp-json\/wp\/v2\/product_tag?post=815"}],"curies":[{"name":"wp","href":"https:\/\/api.w.org\/{rel}","templated":true}]}}