{"id":813,"date":"2020-02-14T22:56:56","date_gmt":"2020-02-14T21:56:56","guid":{"rendered":"https:\/\/www.eBai.cz\/eshop\/?post_type=product&#038;p=813"},"modified":"2020-07-03T10:34:07","modified_gmt":"2020-07-03T08:34:07","slug":"poznamkovy-blok-kozena-vazba-a5","status":"publish","type":"product","link":"https:\/\/www.eBai.cz\/eshop\/produkt\/poznamkovy-blok-kozena-vazba-a5\/","title":{"rendered":"Pozn\u00e1mkov\u00fd blok ko\u017een\u00e1 vazba A5"},"content":{"rendered":"<p>Pozn\u00e1mkov\u00fd blok, ko\u017een\u00e1 vazba, velikost A5.<\/p>\n","protected":false},"excerpt":{"rendered":"<p>Pozn\u00e1mkov\u00fd blok, ko\u017een\u00e1 vazba, velikost A5.<\/p>\n","protected":false},"featured_media":814,"comment_status":"open","ping_status":"closed","template":"","meta":[],"product_brand":[],"product_cat":[29,26],"product_tag":[],"class_list":{"0":"post-813","1":"product","2":"type-product","3":"status-publish","4":"has-post-thumbnail","6":"product_cat-nastroje","7":"product_cat-darky","9":"first","10":"instock","11":"sale","12":"taxable","13":"shipping-taxable","14":"purchasable","15":"product-type-simple"},"jetpack_sharing_enabled":true,"_links":{"self":[{"href":"https:\/\/www.eBai.cz\/eshop\/wp-json\/wp\/v2\/product\/813","targetHints":{"allow":["GET"]}}],"collection":[{"href":"https:\/\/www.eBai.cz\/eshop\/wp-json\/wp\/v2\/product"}],"about":[{"href":"https:\/\/www.eBai.cz\/eshop\/wp-json\/wp\/v2\/types\/product"}],"replies":[{"embeddable":true,"href":"https:\/\/www.eBai.cz\/eshop\/wp-json\/wp\/v2\/comments?post=813"}],"wp:featuredmedia":[{"embeddable":true,"href":"https:\/\/www.eBai.cz\/eshop\/wp-json\/wp\/v2\/media\/814"}],"wp:attachment":[{"href":"https:\/\/www.eBai.cz\/eshop\/wp-json\/wp\/v2\/media?parent=813"}],"wp:term":[{"taxonomy":"product_brand","embeddable":true,"href":"https:\/\/www.eBai.cz\/eshop\/wp-json\/wp\/v2\/product_brand?post=813"},{"taxonomy":"product_cat","embeddable":true,"href":"https:\/\/www.eBai.cz\/eshop\/wp-json\/wp\/v2\/product_cat?post=813"},{"taxonomy":"product_tag","embeddable":true,"href":"https:\/\/www.eBai.cz\/eshop\/wp-json\/wp\/v2\/product_tag?post=813"}],"curies":[{"name":"wp","href":"https:\/\/api.w.org\/{rel}","templated":true}]}}