{"id":811,"date":"2020-02-14T22:55:33","date_gmt":"2020-02-14T21:55:33","guid":{"rendered":"https:\/\/www.eBai.cz\/eshop\/?post_type=product&#038;p=811"},"modified":"2023-11-07T12:38:29","modified_gmt":"2023-11-07T11:38:29","slug":"amazing-spiderman-skolni-pouzdro-na-zip-s-pastelkami","status":"publish","type":"product","link":"https:\/\/www.eBai.cz\/eshop\/produkt\/amazing-spiderman-skolni-pouzdro-na-zip-s-pastelkami\/","title":{"rendered":"Amazing Spiderman \u0161koln\u00ed pouzdro na zip s pastelkami"},"content":{"rendered":"<p>\u0160koln\u00ed pouzdro Amazing Spiderman pro d\u011bti.<\/p>\n<p>Pouzdro obsahuje:<br \/>\nPastelky 6ks<\/p>\n","protected":false},"excerpt":{"rendered":"<p>\u0160koln\u00ed pouzdro Amazing Spiderman pro d\u011bti. Pouzdro obsahuje: Pastelky 6ks<\/p>\n","protected":false},"featured_media":812,"comment_status":"open","ping_status":"closed","template":"","meta":[],"product_brand":[],"product_cat":[29],"product_tag":[],"class_list":{"0":"post-811","1":"product","2":"type-product","3":"status-publish","4":"has-post-thumbnail","6":"product_cat-nastroje","8":"first","9":"outofstock","10":"sale","11":"taxable","12":"shipping-taxable","13":"purchasable","14":"product-type-simple"},"jetpack_sharing_enabled":true,"_links":{"self":[{"href":"https:\/\/www.eBai.cz\/eshop\/wp-json\/wp\/v2\/product\/811","targetHints":{"allow":["GET"]}}],"collection":[{"href":"https:\/\/www.eBai.cz\/eshop\/wp-json\/wp\/v2\/product"}],"about":[{"href":"https:\/\/www.eBai.cz\/eshop\/wp-json\/wp\/v2\/types\/product"}],"replies":[{"embeddable":true,"href":"https:\/\/www.eBai.cz\/eshop\/wp-json\/wp\/v2\/comments?post=811"}],"wp:featuredmedia":[{"embeddable":true,"href":"https:\/\/www.eBai.cz\/eshop\/wp-json\/wp\/v2\/media\/812"}],"wp:attachment":[{"href":"https:\/\/www.eBai.cz\/eshop\/wp-json\/wp\/v2\/media?parent=811"}],"wp:term":[{"taxonomy":"product_brand","embeddable":true,"href":"https:\/\/www.eBai.cz\/eshop\/wp-json\/wp\/v2\/product_brand?post=811"},{"taxonomy":"product_cat","embeddable":true,"href":"https:\/\/www.eBai.cz\/eshop\/wp-json\/wp\/v2\/product_cat?post=811"},{"taxonomy":"product_tag","embeddable":true,"href":"https:\/\/www.eBai.cz\/eshop\/wp-json\/wp\/v2\/product_tag?post=811"}],"curies":[{"name":"wp","href":"https:\/\/api.w.org\/{rel}","templated":true}]}}