{"id":801,"date":"2020-02-14T22:00:34","date_gmt":"2020-02-14T21:00:34","guid":{"rendered":"https:\/\/www.eBai.cz\/eshop\/?post_type=product&#038;p=801"},"modified":"2023-12-14T16:27:47","modified_gmt":"2023-12-14T15:27:47","slug":"difuzer-difuzor-externiho-blesku-sony-hvl-f43am-f42am-f36am","status":"publish","type":"product","link":"https:\/\/www.eBai.cz\/eshop\/produkt\/difuzer-difuzor-externiho-blesku-sony-hvl-f43am-f42am-f36am\/","title":{"rendered":"Difuzer difuzor extern\u00edho blesku Sony HVL-F43AM F42AM F36AM"},"content":{"rendered":"<p>Difuzer difuzor extern\u00edho blesku Sony HVL-F43AM HVL-F42AM HVL-F36AM<br \/>\nVhodn\u00e9 i pro Pentax AF360FGZ, Minolta 3600HS<br \/>\nvelikost 71\u00d740mm<br \/>\nPro \u010dlov\u011bka fot\u00edc\u00edho s extern\u00edm bleskem nepostradateln\u00e9 p\u0159\u00edslu\u0161enstv\u00ed.<\/p>\n","protected":false},"excerpt":{"rendered":"<p>Difuzer difuzor extern\u00edho blesku Sony HVL-F43AM HVL-F42AM HVL-F36AM Vhodn\u00e9 i pro Pentax AF360FGZ, Minolta 3600HS velikost 71\u00d740mm Pro \u010dlov\u011bka fot\u00edc\u00edho s extern\u00edm bleskem nepostradateln\u00e9 p\u0159\u00edslu\u0161enstv\u00ed.<\/p>\n","protected":false},"featured_media":802,"comment_status":"open","ping_status":"closed","template":"","meta":[],"product_brand":[],"product_cat":[38],"product_tag":[],"class_list":{"0":"post-801","1":"product","2":"type-product","3":"status-publish","4":"has-post-thumbnail","6":"product_cat-pro-foto","8":"first","9":"instock","10":"sale","11":"taxable","12":"shipping-taxable","13":"purchasable","14":"product-type-simple"},"jetpack_sharing_enabled":true,"_links":{"self":[{"href":"https:\/\/www.eBai.cz\/eshop\/wp-json\/wp\/v2\/product\/801","targetHints":{"allow":["GET"]}}],"collection":[{"href":"https:\/\/www.eBai.cz\/eshop\/wp-json\/wp\/v2\/product"}],"about":[{"href":"https:\/\/www.eBai.cz\/eshop\/wp-json\/wp\/v2\/types\/product"}],"replies":[{"embeddable":true,"href":"https:\/\/www.eBai.cz\/eshop\/wp-json\/wp\/v2\/comments?post=801"}],"wp:featuredmedia":[{"embeddable":true,"href":"https:\/\/www.eBai.cz\/eshop\/wp-json\/wp\/v2\/media\/802"}],"wp:attachment":[{"href":"https:\/\/www.eBai.cz\/eshop\/wp-json\/wp\/v2\/media?parent=801"}],"wp:term":[{"taxonomy":"product_brand","embeddable":true,"href":"https:\/\/www.eBai.cz\/eshop\/wp-json\/wp\/v2\/product_brand?post=801"},{"taxonomy":"product_cat","embeddable":true,"href":"https:\/\/www.eBai.cz\/eshop\/wp-json\/wp\/v2\/product_cat?post=801"},{"taxonomy":"product_tag","embeddable":true,"href":"https:\/\/www.eBai.cz\/eshop\/wp-json\/wp\/v2\/product_tag?post=801"}],"curies":[{"name":"wp","href":"https:\/\/api.w.org\/{rel}","templated":true}]}}