{"id":797,"date":"2020-02-14T21:56:00","date_gmt":"2020-02-14T20:56:00","guid":{"rendered":"https:\/\/www.eBai.cz\/eshop\/?post_type=product&#038;p=797"},"modified":"2024-07-12T18:01:48","modified_gmt":"2024-07-12T16:01:48","slug":"difuzer-difuzor-externiho-blesku-nikon-speedlight-sb-800","status":"publish","type":"product","link":"https:\/\/www.eBai.cz\/eshop\/produkt\/difuzer-difuzor-externiho-blesku-nikon-speedlight-sb-800\/","title":{"rendered":"Difuzer difuzor extern\u00edho blesku Nikon Speedlight SB 800"},"content":{"rendered":"<p>Difuzer difuzor extern\u00edho blesku Nikon Speedlight SB 800<br \/>\nvelikost 66\u00d740mm<br \/>\nPro \u010dlov\u011bka fot\u00edc\u00edho s extern\u00edm bleskem nepostradateln\u00e9 p\u0159\u00edslu\u0161enstv\u00ed.<\/p>\n","protected":false},"excerpt":{"rendered":"<p>Difuzer difuzor extern\u00edho blesku Nikon Speedlight SB 800 velikost 66\u00d740mm Pro \u010dlov\u011bka fot\u00edc\u00edho s extern\u00edm bleskem nepostradateln\u00e9 p\u0159\u00edslu\u0161enstv\u00ed.<\/p>\n","protected":false},"featured_media":798,"comment_status":"open","ping_status":"closed","template":"","meta":[],"product_brand":[],"product_cat":[38],"product_tag":[],"class_list":{"0":"post-797","1":"product","2":"type-product","3":"status-publish","4":"has-post-thumbnail","6":"product_cat-pro-foto","8":"first","9":"outofstock","10":"sale","11":"taxable","12":"shipping-taxable","13":"purchasable","14":"product-type-simple"},"jetpack_sharing_enabled":true,"_links":{"self":[{"href":"https:\/\/www.eBai.cz\/eshop\/wp-json\/wp\/v2\/product\/797","targetHints":{"allow":["GET"]}}],"collection":[{"href":"https:\/\/www.eBai.cz\/eshop\/wp-json\/wp\/v2\/product"}],"about":[{"href":"https:\/\/www.eBai.cz\/eshop\/wp-json\/wp\/v2\/types\/product"}],"replies":[{"embeddable":true,"href":"https:\/\/www.eBai.cz\/eshop\/wp-json\/wp\/v2\/comments?post=797"}],"wp:featuredmedia":[{"embeddable":true,"href":"https:\/\/www.eBai.cz\/eshop\/wp-json\/wp\/v2\/media\/798"}],"wp:attachment":[{"href":"https:\/\/www.eBai.cz\/eshop\/wp-json\/wp\/v2\/media?parent=797"}],"wp:term":[{"taxonomy":"product_brand","embeddable":true,"href":"https:\/\/www.eBai.cz\/eshop\/wp-json\/wp\/v2\/product_brand?post=797"},{"taxonomy":"product_cat","embeddable":true,"href":"https:\/\/www.eBai.cz\/eshop\/wp-json\/wp\/v2\/product_cat?post=797"},{"taxonomy":"product_tag","embeddable":true,"href":"https:\/\/www.eBai.cz\/eshop\/wp-json\/wp\/v2\/product_tag?post=797"}],"curies":[{"name":"wp","href":"https:\/\/api.w.org\/{rel}","templated":true}]}}