{"id":785,"date":"2020-02-14T21:41:19","date_gmt":"2020-02-14T20:41:19","guid":{"rendered":"https:\/\/www.eBai.cz\/eshop\/?post_type=product&#038;p=785"},"modified":"2022-04-22T17:08:37","modified_gmt":"2022-04-22T15:08:37","slug":"m42-distancni-krouzek-redukce-objektivu-pro-nikon","status":"publish","type":"product","link":"https:\/\/www.eBai.cz\/eshop\/produkt\/m42-distancni-krouzek-redukce-objektivu-pro-nikon\/","title":{"rendered":"M42 distan\u010dn\u00ed krou\u017eek redukce objektivu pro Nikon"},"content":{"rendered":"<p>Redukce pro bajonety zrcadlovek Nikon, pro objektiv se z\u00e1vitem M42.<\/p>\n","protected":false},"excerpt":{"rendered":"<p>Redukce pro bajonety zrcadlovek Nikon, pro objektiv se z\u00e1vitem M42.<\/p>\n","protected":false},"featured_media":784,"comment_status":"open","ping_status":"closed","template":"","meta":[],"product_brand":[],"product_cat":[38],"product_tag":[],"class_list":{"0":"post-785","1":"product","2":"type-product","3":"status-publish","4":"has-post-thumbnail","6":"product_cat-pro-foto","8":"first","9":"instock","10":"sale","11":"taxable","12":"shipping-taxable","13":"purchasable","14":"product-type-simple"},"jetpack_sharing_enabled":true,"_links":{"self":[{"href":"https:\/\/www.eBai.cz\/eshop\/wp-json\/wp\/v2\/product\/785","targetHints":{"allow":["GET"]}}],"collection":[{"href":"https:\/\/www.eBai.cz\/eshop\/wp-json\/wp\/v2\/product"}],"about":[{"href":"https:\/\/www.eBai.cz\/eshop\/wp-json\/wp\/v2\/types\/product"}],"replies":[{"embeddable":true,"href":"https:\/\/www.eBai.cz\/eshop\/wp-json\/wp\/v2\/comments?post=785"}],"wp:featuredmedia":[{"embeddable":true,"href":"https:\/\/www.eBai.cz\/eshop\/wp-json\/wp\/v2\/media\/784"}],"wp:attachment":[{"href":"https:\/\/www.eBai.cz\/eshop\/wp-json\/wp\/v2\/media?parent=785"}],"wp:term":[{"taxonomy":"product_brand","embeddable":true,"href":"https:\/\/www.eBai.cz\/eshop\/wp-json\/wp\/v2\/product_brand?post=785"},{"taxonomy":"product_cat","embeddable":true,"href":"https:\/\/www.eBai.cz\/eshop\/wp-json\/wp\/v2\/product_cat?post=785"},{"taxonomy":"product_tag","embeddable":true,"href":"https:\/\/www.eBai.cz\/eshop\/wp-json\/wp\/v2\/product_tag?post=785"}],"curies":[{"name":"wp","href":"https:\/\/api.w.org\/{rel}","templated":true}]}}