{"id":781,"date":"2020-02-14T21:38:08","date_gmt":"2020-02-14T20:38:08","guid":{"rendered":"https:\/\/www.eBai.cz\/eshop\/?post_type=product&#038;p=781"},"modified":"2025-01-25T08:42:24","modified_gmt":"2025-01-25T07:42:24","slug":"cistici-ofukovy-balonek-na-cisteni-objektivu-fotoaparatu-modra","status":"publish","type":"product","link":"https:\/\/www.eBai.cz\/eshop\/produkt\/cistici-ofukovy-balonek-na-cisteni-objektivu-fotoaparatu-modra\/","title":{"rendered":"\u010cistic\u00ed ofukov\u00fd balonek na \u010di\u0161t\u011bn\u00ed objektiv\u016f\/fotoapar\u00e1t\u016f modr\u00e1"},"content":{"rendered":"<p>Prach je st\u00e1le v\u0161ude a tento \u010disti\u010d nepostradateln\u00fd. Ofukov\u00fd balonek, jednodu\u0161e prach vyfoukne. P\u0159i ofuku z \u016fst jdou z pusy jemn\u00e9 \u010d\u00e1stice vody.<\/p>\n","protected":false},"excerpt":{"rendered":"<p>Prach je st\u00e1le v\u0161ude a tento \u010disti\u010d nepostradateln\u00fd. Ofukov\u00fd balonek, jednodu\u0161e prach vyfoukne. P\u0159i ofuku z \u016fst jdou z pusy jemn\u00e9 \u010d\u00e1stice vody.<\/p>\n","protected":false},"featured_media":782,"comment_status":"open","ping_status":"closed","template":"","meta":[],"product_brand":[],"product_cat":[35,38],"product_tag":[],"class_list":{"0":"post-781","1":"product","2":"type-product","3":"status-publish","4":"has-post-thumbnail","6":"product_cat-opravne-sady","7":"product_cat-pro-foto","9":"first","10":"instock","11":"sale","12":"taxable","13":"shipping-taxable","14":"purchasable","15":"product-type-simple"},"jetpack_sharing_enabled":true,"_links":{"self":[{"href":"https:\/\/www.eBai.cz\/eshop\/wp-json\/wp\/v2\/product\/781","targetHints":{"allow":["GET"]}}],"collection":[{"href":"https:\/\/www.eBai.cz\/eshop\/wp-json\/wp\/v2\/product"}],"about":[{"href":"https:\/\/www.eBai.cz\/eshop\/wp-json\/wp\/v2\/types\/product"}],"replies":[{"embeddable":true,"href":"https:\/\/www.eBai.cz\/eshop\/wp-json\/wp\/v2\/comments?post=781"}],"wp:featuredmedia":[{"embeddable":true,"href":"https:\/\/www.eBai.cz\/eshop\/wp-json\/wp\/v2\/media\/782"}],"wp:attachment":[{"href":"https:\/\/www.eBai.cz\/eshop\/wp-json\/wp\/v2\/media?parent=781"}],"wp:term":[{"taxonomy":"product_brand","embeddable":true,"href":"https:\/\/www.eBai.cz\/eshop\/wp-json\/wp\/v2\/product_brand?post=781"},{"taxonomy":"product_cat","embeddable":true,"href":"https:\/\/www.eBai.cz\/eshop\/wp-json\/wp\/v2\/product_cat?post=781"},{"taxonomy":"product_tag","embeddable":true,"href":"https:\/\/www.eBai.cz\/eshop\/wp-json\/wp\/v2\/product_tag?post=781"}],"curies":[{"name":"wp","href":"https:\/\/api.w.org\/{rel}","templated":true}]}}