{"id":775,"date":"2020-02-14T21:31:50","date_gmt":"2020-02-14T20:31:50","guid":{"rendered":"https:\/\/www.eBai.cz\/eshop\/?post_type=product&#038;p=775"},"modified":"2025-01-12T19:55:22","modified_gmt":"2025-01-12T18:55:22","slug":"difuzer-difuzor-externiho-blesku-canon-speedlite-600ex-a-rt","status":"publish","type":"product","link":"https:\/\/www.eBai.cz\/eshop\/produkt\/difuzer-difuzor-externiho-blesku-canon-speedlite-600ex-a-rt\/","title":{"rendered":"Difuzer difuzor extern\u00edho blesku Canon Speedlite 600EX a RT"},"content":{"rendered":"<p>Difuzer difuzor extern\u00edho blesku Canon Speedlite 600EX a 600EX-RT<br \/>\nvelikost 84\u00d750mm<br \/>\nPro \u010dlov\u011bka fot\u00edc\u00edho s extern\u00edm bleskem nepostradateln\u00e9 p\u0159\u00edslu\u0161enstv\u00ed.<\/p>\n","protected":false},"excerpt":{"rendered":"<p>Difuzer difuzor extern\u00edho blesku Canon Speedlite 600EX a 600EX-RT velikost 84\u00d750mm Pro \u010dlov\u011bka fot\u00edc\u00edho s extern\u00edm bleskem nepostradateln\u00e9 p\u0159\u00edslu\u0161enstv\u00ed.<\/p>\n","protected":false},"featured_media":780,"comment_status":"open","ping_status":"closed","template":"","meta":[],"product_brand":[],"product_cat":[38],"product_tag":[],"class_list":{"0":"post-775","1":"product","2":"type-product","3":"status-publish","4":"has-post-thumbnail","6":"product_cat-pro-foto","8":"first","9":"outofstock","10":"sale","11":"taxable","12":"shipping-taxable","13":"purchasable","14":"product-type-simple"},"jetpack_sharing_enabled":true,"_links":{"self":[{"href":"https:\/\/www.eBai.cz\/eshop\/wp-json\/wp\/v2\/product\/775","targetHints":{"allow":["GET"]}}],"collection":[{"href":"https:\/\/www.eBai.cz\/eshop\/wp-json\/wp\/v2\/product"}],"about":[{"href":"https:\/\/www.eBai.cz\/eshop\/wp-json\/wp\/v2\/types\/product"}],"replies":[{"embeddable":true,"href":"https:\/\/www.eBai.cz\/eshop\/wp-json\/wp\/v2\/comments?post=775"}],"wp:featuredmedia":[{"embeddable":true,"href":"https:\/\/www.eBai.cz\/eshop\/wp-json\/wp\/v2\/media\/780"}],"wp:attachment":[{"href":"https:\/\/www.eBai.cz\/eshop\/wp-json\/wp\/v2\/media?parent=775"}],"wp:term":[{"taxonomy":"product_brand","embeddable":true,"href":"https:\/\/www.eBai.cz\/eshop\/wp-json\/wp\/v2\/product_brand?post=775"},{"taxonomy":"product_cat","embeddable":true,"href":"https:\/\/www.eBai.cz\/eshop\/wp-json\/wp\/v2\/product_cat?post=775"},{"taxonomy":"product_tag","embeddable":true,"href":"https:\/\/www.eBai.cz\/eshop\/wp-json\/wp\/v2\/product_tag?post=775"}],"curies":[{"name":"wp","href":"https:\/\/api.w.org\/{rel}","templated":true}]}}