{"id":767,"date":"2020-02-14T20:23:22","date_gmt":"2020-02-14T19:23:22","guid":{"rendered":"https:\/\/www.eBai.cz\/eshop\/?post_type=product&#038;p=767"},"modified":"2020-02-14T21:08:02","modified_gmt":"2020-02-14T20:08:02","slug":"elektronicka-klicenka-rf-id-key-125-khz","status":"publish","type":"product","link":"https:\/\/www.eBai.cz\/eshop\/produkt\/elektronicka-klicenka-rf-id-key-125-khz\/","title":{"rendered":"Elektronick\u00e1 kl\u00ed\u010denka RF ID KEY 125 kHz"},"content":{"rendered":"<p>Elektronick\u00e1 kl\u00ed\u010denka RF ID KEY 125 kHz<\/p>\n","protected":false},"excerpt":{"rendered":"<p>Elektronick\u00e1 kl\u00ed\u010denka RF ID KEY 125 kHz<\/p>\n","protected":false},"featured_media":768,"comment_status":"open","ping_status":"closed","template":"","meta":[],"product_brand":[],"product_cat":[41],"product_tag":[],"class_list":{"0":"post-767","1":"product","2":"type-product","3":"status-publish","4":"has-post-thumbnail","6":"product_cat-zabezpeceni","8":"first","9":"instock","10":"taxable","11":"shipping-taxable","12":"purchasable","13":"product-type-simple"},"jetpack_sharing_enabled":true,"_links":{"self":[{"href":"https:\/\/www.eBai.cz\/eshop\/wp-json\/wp\/v2\/product\/767","targetHints":{"allow":["GET"]}}],"collection":[{"href":"https:\/\/www.eBai.cz\/eshop\/wp-json\/wp\/v2\/product"}],"about":[{"href":"https:\/\/www.eBai.cz\/eshop\/wp-json\/wp\/v2\/types\/product"}],"replies":[{"embeddable":true,"href":"https:\/\/www.eBai.cz\/eshop\/wp-json\/wp\/v2\/comments?post=767"}],"wp:featuredmedia":[{"embeddable":true,"href":"https:\/\/www.eBai.cz\/eshop\/wp-json\/wp\/v2\/media\/768"}],"wp:attachment":[{"href":"https:\/\/www.eBai.cz\/eshop\/wp-json\/wp\/v2\/media?parent=767"}],"wp:term":[{"taxonomy":"product_brand","embeddable":true,"href":"https:\/\/www.eBai.cz\/eshop\/wp-json\/wp\/v2\/product_brand?post=767"},{"taxonomy":"product_cat","embeddable":true,"href":"https:\/\/www.eBai.cz\/eshop\/wp-json\/wp\/v2\/product_cat?post=767"},{"taxonomy":"product_tag","embeddable":true,"href":"https:\/\/www.eBai.cz\/eshop\/wp-json\/wp\/v2\/product_tag?post=767"}],"curies":[{"name":"wp","href":"https:\/\/api.w.org\/{rel}","templated":true}]}}