{"id":756,"date":"2020-02-14T19:24:16","date_gmt":"2020-02-14T18:24:16","guid":{"rendered":"https:\/\/www.eBai.cz\/eshop\/?post_type=product&#038;p=756"},"modified":"2020-02-14T19:24:16","modified_gmt":"2020-02-14T18:24:16","slug":"100m-bezdratovy-dalkovy-ovladac-pro-canon-eos","status":"publish","type":"product","link":"https:\/\/www.eBai.cz\/eshop\/produkt\/100m-bezdratovy-dalkovy-ovladac-pro-canon-eos\/","title":{"rendered":"100m Bezdr\u00e1tov\u00fd d\u00e1lkov\u00fd ovlada\u010d pro Canon EOS"},"content":{"rendered":"<p>Specifikace:<br \/>\nVzd\u00e1lenost: dosah 100m<br \/>\nPo\u010det kan\u00e1l\u016f: 16 (4bitov\u00fd re\u017eim)<br \/>\nNap\u00e1jen\u00ed: Vys\u00edla\u010d (12V\/23A) ; P\u0159ij\u00edma\u010d (3V\/CR2)<br \/>\nFrekvence: 433MHZ<\/p>\n<p>Kompaktibiln\u00ed s:<br \/>\nCanon EOS 30\/33\/50\/300\/300D\/350D\/400D<\/p>\n<p>Spou\u0161\u0165 funguje stejn\u011b jako na fo\u0165\u00e1ku zama\u0159en\u00ed, dom\u00e1\u010dknut\u00ed expozice.<\/p>\n","protected":false},"excerpt":{"rendered":"<p>Specifikace: Vzd\u00e1lenost: dosah 100m Po\u010det kan\u00e1l\u016f: 16 (4bitov\u00fd re\u017eim) Nap\u00e1jen\u00ed: Vys\u00edla\u010d (12V\/23A) ; P\u0159ij\u00edma\u010d (3V\/CR2) Frekvence: 433MHZ Kompaktibiln\u00ed s: Canon EOS 30\/33\/50\/300\/300D\/350D\/400D Spou\u0161\u0165 funguje stejn\u011b jako na fo\u0165\u00e1ku zama\u0159en\u00ed, dom\u00e1\u010dknut\u00ed expozice.<\/p>\n","protected":false},"featured_media":757,"comment_status":"open","ping_status":"closed","template":"","meta":[],"product_brand":[],"product_cat":[38],"product_tag":[],"class_list":{"0":"post-756","1":"product","2":"type-product","3":"status-publish","4":"has-post-thumbnail","6":"product_cat-pro-foto","8":"first","9":"instock","10":"sale","11":"taxable","12":"shipping-taxable","13":"purchasable","14":"product-type-simple"},"jetpack_sharing_enabled":true,"_links":{"self":[{"href":"https:\/\/www.eBai.cz\/eshop\/wp-json\/wp\/v2\/product\/756","targetHints":{"allow":["GET"]}}],"collection":[{"href":"https:\/\/www.eBai.cz\/eshop\/wp-json\/wp\/v2\/product"}],"about":[{"href":"https:\/\/www.eBai.cz\/eshop\/wp-json\/wp\/v2\/types\/product"}],"replies":[{"embeddable":true,"href":"https:\/\/www.eBai.cz\/eshop\/wp-json\/wp\/v2\/comments?post=756"}],"wp:featuredmedia":[{"embeddable":true,"href":"https:\/\/www.eBai.cz\/eshop\/wp-json\/wp\/v2\/media\/757"}],"wp:attachment":[{"href":"https:\/\/www.eBai.cz\/eshop\/wp-json\/wp\/v2\/media?parent=756"}],"wp:term":[{"taxonomy":"product_brand","embeddable":true,"href":"https:\/\/www.eBai.cz\/eshop\/wp-json\/wp\/v2\/product_brand?post=756"},{"taxonomy":"product_cat","embeddable":true,"href":"https:\/\/www.eBai.cz\/eshop\/wp-json\/wp\/v2\/product_cat?post=756"},{"taxonomy":"product_tag","embeddable":true,"href":"https:\/\/www.eBai.cz\/eshop\/wp-json\/wp\/v2\/product_tag?post=756"}],"curies":[{"name":"wp","href":"https:\/\/api.w.org\/{rel}","templated":true}]}}