{"id":726,"date":"2020-02-14T09:38:16","date_gmt":"2020-02-14T08:38:16","guid":{"rendered":"https:\/\/www.eBai.cz\/eshop\/?post_type=product&#038;p=726"},"modified":"2020-02-19T22:02:56","modified_gmt":"2020-02-19T21:02:56","slug":"vodni-mlha-mlhovac-mlzeni-10m-hadice-10mlhovacu","status":"publish","type":"product","link":"https:\/\/www.eBai.cz\/eshop\/produkt\/vodni-mlha-mlhovac-mlzeni-10m-hadice-10mlhovacu\/","title":{"rendered":"Vodn\u00ed mlha mlhova\u010d ml\u017een\u00ed 10m hadice 10mlhova\u010d\u016f"},"content":{"rendered":"<p>Vodn\u00ed mlha mlhova\u010d ml\u017een\u00ed<\/p>\n<p>10m \u010dern\u00e9 hadice<br \/>\n10ks mlhova\u010d<br \/>\n10ks T spojky<br \/>\nnapojen\u00ed rychlospojky<br \/>\nrychlospojka<\/p>\n","protected":false},"excerpt":{"rendered":"<p>Vodn\u00ed mlha mlhova\u010d ml\u017een\u00ed 10m \u010dern\u00e9 hadice 10ks mlhova\u010d 10ks T spojky napojen\u00ed rychlospojky rychlospojka<\/p>\n","protected":false},"featured_media":725,"comment_status":"open","ping_status":"closed","template":"","meta":[],"product_brand":[],"product_cat":[40],"product_tag":[],"class_list":{"0":"post-726","1":"product","2":"type-product","3":"status-publish","4":"has-post-thumbnail","6":"product_cat-zahrada","8":"first","9":"instock","10":"sale","11":"taxable","12":"shipping-taxable","13":"purchasable","14":"product-type-simple"},"jetpack_sharing_enabled":true,"_links":{"self":[{"href":"https:\/\/www.eBai.cz\/eshop\/wp-json\/wp\/v2\/product\/726","targetHints":{"allow":["GET"]}}],"collection":[{"href":"https:\/\/www.eBai.cz\/eshop\/wp-json\/wp\/v2\/product"}],"about":[{"href":"https:\/\/www.eBai.cz\/eshop\/wp-json\/wp\/v2\/types\/product"}],"replies":[{"embeddable":true,"href":"https:\/\/www.eBai.cz\/eshop\/wp-json\/wp\/v2\/comments?post=726"}],"wp:featuredmedia":[{"embeddable":true,"href":"https:\/\/www.eBai.cz\/eshop\/wp-json\/wp\/v2\/media\/725"}],"wp:attachment":[{"href":"https:\/\/www.eBai.cz\/eshop\/wp-json\/wp\/v2\/media?parent=726"}],"wp:term":[{"taxonomy":"product_brand","embeddable":true,"href":"https:\/\/www.eBai.cz\/eshop\/wp-json\/wp\/v2\/product_brand?post=726"},{"taxonomy":"product_cat","embeddable":true,"href":"https:\/\/www.eBai.cz\/eshop\/wp-json\/wp\/v2\/product_cat?post=726"},{"taxonomy":"product_tag","embeddable":true,"href":"https:\/\/www.eBai.cz\/eshop\/wp-json\/wp\/v2\/product_tag?post=726"}],"curies":[{"name":"wp","href":"https:\/\/api.w.org\/{rel}","templated":true}]}}