{"id":717,"date":"2020-02-14T09:31:56","date_gmt":"2020-02-14T08:31:56","guid":{"rendered":"https:\/\/www.eBai.cz\/eshop\/?post_type=product&#038;p=717"},"modified":"2021-07-15T09:05:17","modified_gmt":"2021-07-15T07:05:17","slug":"cistici-stetec-objektivu-fotoaparatu-s-cisticem-skla","status":"publish","type":"product","link":"https:\/\/www.eBai.cz\/eshop\/produkt\/cistici-stetec-objektivu-fotoaparatu-s-cisticem-skla\/","title":{"rendered":"\u010cistic\u00ed \u0161t\u011btec objektiv\u016f\/fotoapar\u00e1t\u016f s \u010disti\u010dem skla"},"content":{"rendered":"<p>Prach je st\u00e1le v\u0161ude a tento \u010disti\u010d nepostradateln\u00fd. Z jedn\u00e9 strany \u010disti\u010d na objektivy, z druh\u00e9 strany dvoupolohavteln\u00fd \u0161tetec.<\/p>\n","protected":false},"excerpt":{"rendered":"<p>Prach je st\u00e1le v\u0161ude a tento \u010disti\u010d nepostradateln\u00fd. Z jedn\u00e9 strany \u010disti\u010d na objektivy, z druh\u00e9 strany dvoupolohavteln\u00fd \u0161tetec.<\/p>\n","protected":false},"featured_media":718,"comment_status":"open","ping_status":"closed","template":"","meta":[],"product_brand":[],"product_cat":[38],"product_tag":[],"class_list":{"0":"post-717","1":"product","2":"type-product","3":"status-publish","4":"has-post-thumbnail","6":"product_cat-pro-foto","8":"first","9":"outofstock","10":"sale","11":"taxable","12":"shipping-taxable","13":"purchasable","14":"product-type-simple"},"jetpack_sharing_enabled":true,"_links":{"self":[{"href":"https:\/\/www.eBai.cz\/eshop\/wp-json\/wp\/v2\/product\/717","targetHints":{"allow":["GET"]}}],"collection":[{"href":"https:\/\/www.eBai.cz\/eshop\/wp-json\/wp\/v2\/product"}],"about":[{"href":"https:\/\/www.eBai.cz\/eshop\/wp-json\/wp\/v2\/types\/product"}],"replies":[{"embeddable":true,"href":"https:\/\/www.eBai.cz\/eshop\/wp-json\/wp\/v2\/comments?post=717"}],"wp:featuredmedia":[{"embeddable":true,"href":"https:\/\/www.eBai.cz\/eshop\/wp-json\/wp\/v2\/media\/718"}],"wp:attachment":[{"href":"https:\/\/www.eBai.cz\/eshop\/wp-json\/wp\/v2\/media?parent=717"}],"wp:term":[{"taxonomy":"product_brand","embeddable":true,"href":"https:\/\/www.eBai.cz\/eshop\/wp-json\/wp\/v2\/product_brand?post=717"},{"taxonomy":"product_cat","embeddable":true,"href":"https:\/\/www.eBai.cz\/eshop\/wp-json\/wp\/v2\/product_cat?post=717"},{"taxonomy":"product_tag","embeddable":true,"href":"https:\/\/www.eBai.cz\/eshop\/wp-json\/wp\/v2\/product_tag?post=717"}],"curies":[{"name":"wp","href":"https:\/\/api.w.org\/{rel}","templated":true}]}}