{"id":683,"date":"2020-02-13T23:08:27","date_gmt":"2020-02-13T22:08:27","guid":{"rendered":"https:\/\/www.eBai.cz\/eshop\/?post_type=product&#038;p=683"},"modified":"2025-03-01T17:09:40","modified_gmt":"2025-03-01T16:09:40","slug":"adapter-na-baterie-z-aa-na-c","status":"publish","type":"product","link":"https:\/\/www.eBai.cz\/eshop\/produkt\/adapter-na-baterie-z-aa-na-c\/","title":{"rendered":"Adapt\u00e9r na baterie z AA na C"},"content":{"rendered":"<p>Adapt\u00e9r na baterie z AA na C, jist\u011b m\u00e1te spoustu bateri\u00ed AA (tu\u017ekov\u00e1) i nab\u00edjec\u00edch ale n\u011bkdy je pot\u0159ba jin\u00fd rozm\u011br. D\u00edky tomuto adapt\u00e9ru dal\u0161\u00ed baterie v\u016fbec nepot\u0159ebujete. Baterii sta\u010d\u00ed jednodu\u0161e vlo\u017eit do adapt\u00e9ru a m\u016f\u017eete ihned pou\u017e\u00edvat.<\/p>\n","protected":false},"excerpt":{"rendered":"<p>Adapt\u00e9r na baterie z AA na C, jist\u011b m\u00e1te spoustu bateri\u00ed AA (tu\u017ekov\u00e1) i nab\u00edjec\u00edch ale n\u011bkdy je pot\u0159ba jin\u00fd rozm\u011br. D\u00edky tomuto adapt\u00e9ru dal\u0161\u00ed baterie v\u016fbec nepot\u0159ebujete. Baterii sta\u010d\u00ed jednodu\u0161e vlo\u017eit do adapt\u00e9ru a m\u016f\u017eete ihned pou\u017e\u00edvat.<\/p>\n","protected":false},"featured_media":684,"comment_status":"open","ping_status":"closed","template":"","meta":[],"product_brand":[],"product_cat":[17],"product_tag":[],"class_list":{"0":"post-683","1":"product","2":"type-product","3":"status-publish","4":"has-post-thumbnail","6":"product_cat-elektronika","8":"first","9":"instock","10":"sale","11":"taxable","12":"shipping-taxable","13":"purchasable","14":"product-type-simple"},"jetpack_sharing_enabled":true,"_links":{"self":[{"href":"https:\/\/www.eBai.cz\/eshop\/wp-json\/wp\/v2\/product\/683","targetHints":{"allow":["GET"]}}],"collection":[{"href":"https:\/\/www.eBai.cz\/eshop\/wp-json\/wp\/v2\/product"}],"about":[{"href":"https:\/\/www.eBai.cz\/eshop\/wp-json\/wp\/v2\/types\/product"}],"replies":[{"embeddable":true,"href":"https:\/\/www.eBai.cz\/eshop\/wp-json\/wp\/v2\/comments?post=683"}],"wp:featuredmedia":[{"embeddable":true,"href":"https:\/\/www.eBai.cz\/eshop\/wp-json\/wp\/v2\/media\/684"}],"wp:attachment":[{"href":"https:\/\/www.eBai.cz\/eshop\/wp-json\/wp\/v2\/media?parent=683"}],"wp:term":[{"taxonomy":"product_brand","embeddable":true,"href":"https:\/\/www.eBai.cz\/eshop\/wp-json\/wp\/v2\/product_brand?post=683"},{"taxonomy":"product_cat","embeddable":true,"href":"https:\/\/www.eBai.cz\/eshop\/wp-json\/wp\/v2\/product_cat?post=683"},{"taxonomy":"product_tag","embeddable":true,"href":"https:\/\/www.eBai.cz\/eshop\/wp-json\/wp\/v2\/product_tag?post=683"}],"curies":[{"name":"wp","href":"https:\/\/api.w.org\/{rel}","templated":true}]}}