{"id":681,"date":"2020-02-13T23:03:49","date_gmt":"2020-02-13T22:03:49","guid":{"rendered":"https:\/\/www.eBai.cz\/eshop\/?post_type=product&#038;p=681"},"modified":"2020-02-13T23:03:50","modified_gmt":"2020-02-13T22:03:50","slug":"wifi-lan-usb-mini-adapter-600mbps-802-11-24-a-5ghz","status":"publish","type":"product","link":"https:\/\/www.eBai.cz\/eshop\/produkt\/wifi-lan-usb-mini-adapter-600mbps-802-11-24-a-5ghz\/","title":{"rendered":"WiFi LAN USB mini adapt\u00e9r 600Mbps 802.11 2,4 a 5GHz"},"content":{"rendered":"<p>WiFi LAN USB mini adapt\u00e9r 600Mbps 802.11 2,4GHz a 5GHz bezdr\u00e1tov\u00e1 s\u00ed\u0165<br \/>\nVynikaj\u00edc\u00ed dopln\u011bk k notebooku nebo stoln\u00edmu po\u010d\u00edta\u010di. Hlavn\u011b ocen\u00edte na dovolen\u00e9 nebo nemocnici, proto\u017ee v\u011bt\u0161inou sign\u00e1l nedos\u00e1hne k ur\u010den\u00e9mu pokoji\/posteli.<br \/>\nSW pro Windows 7\/8\/10, linux, MacOS.<\/p>\n","protected":false},"excerpt":{"rendered":"<p>WiFi LAN USB mini adapt\u00e9r 600Mbps 802.11 2,4GHz a 5GHz bezdr\u00e1tov\u00e1 s\u00ed\u0165 Vynikaj\u00edc\u00ed dopln\u011bk k notebooku nebo stoln\u00edmu po\u010d\u00edta\u010di. Hlavn\u011b ocen\u00edte na dovolen\u00e9 nebo nemocnici, proto\u017ee v\u011bt\u0161inou sign\u00e1l nedos\u00e1hne k ur\u010den\u00e9mu pokoji\/posteli. SW pro Windows 7\/8\/10, linux, MacOS.<\/p>\n","protected":false},"featured_media":682,"comment_status":"open","ping_status":"closed","template":"","meta":[],"product_brand":[],"product_cat":[27],"product_tag":[],"class_list":{"0":"post-681","1":"product","2":"type-product","3":"status-publish","4":"has-post-thumbnail","6":"product_cat-pocitace","8":"first","9":"instock","10":"taxable","11":"shipping-taxable","12":"purchasable","13":"product-type-simple"},"jetpack_sharing_enabled":true,"_links":{"self":[{"href":"https:\/\/www.eBai.cz\/eshop\/wp-json\/wp\/v2\/product\/681","targetHints":{"allow":["GET"]}}],"collection":[{"href":"https:\/\/www.eBai.cz\/eshop\/wp-json\/wp\/v2\/product"}],"about":[{"href":"https:\/\/www.eBai.cz\/eshop\/wp-json\/wp\/v2\/types\/product"}],"replies":[{"embeddable":true,"href":"https:\/\/www.eBai.cz\/eshop\/wp-json\/wp\/v2\/comments?post=681"}],"wp:featuredmedia":[{"embeddable":true,"href":"https:\/\/www.eBai.cz\/eshop\/wp-json\/wp\/v2\/media\/682"}],"wp:attachment":[{"href":"https:\/\/www.eBai.cz\/eshop\/wp-json\/wp\/v2\/media?parent=681"}],"wp:term":[{"taxonomy":"product_brand","embeddable":true,"href":"https:\/\/www.eBai.cz\/eshop\/wp-json\/wp\/v2\/product_brand?post=681"},{"taxonomy":"product_cat","embeddable":true,"href":"https:\/\/www.eBai.cz\/eshop\/wp-json\/wp\/v2\/product_cat?post=681"},{"taxonomy":"product_tag","embeddable":true,"href":"https:\/\/www.eBai.cz\/eshop\/wp-json\/wp\/v2\/product_tag?post=681"}],"curies":[{"name":"wp","href":"https:\/\/api.w.org\/{rel}","templated":true}]}}