{"id":676,"date":"2020-02-13T22:55:17","date_gmt":"2020-02-13T21:55:17","guid":{"rendered":"https:\/\/www.eBai.cz\/eshop\/?post_type=product&#038;p=676"},"modified":"2023-12-16T21:51:15","modified_gmt":"2023-12-16T20:51:15","slug":"2-led-lampa-lampicka-mini-svitilna-usb","status":"publish","type":"product","link":"https:\/\/www.eBai.cz\/eshop\/produkt\/2-led-lampa-lampicka-mini-svitilna-usb\/","title":{"rendered":"2 LED lampa lampi\u010dka MINI sv\u00edtilna USB"},"content":{"rendered":"<p>Jednoduch\u00e9 k instalaci<br \/>\nSkoro nulov\u00fd odb\u011br, \u017eivotnost v\u00edce jak 50 000 hodin<br \/>\nVynikaj\u00edc\u00ed um\u00edst\u011bn\u00ed za televizi, po\u010d\u00edta\u010d, do auta, pro d\u011bti<\/p>\n<p>Parametry:<br \/>\nV\u00e1ha: 5g<br \/>\nNap\u00e1jen\u00ed: USB<br \/>\nPo\u010det: 2 LED diody SMD<\/p>\n","protected":false},"excerpt":{"rendered":"<p>Jednoduch\u00e9 k instalaci Skoro nulov\u00fd odb\u011br, \u017eivotnost v\u00edce jak 50 000 hodin Vynikaj\u00edc\u00ed um\u00edst\u011bn\u00ed za televizi, po\u010d\u00edta\u010d, do auta, pro d\u011bti Parametry: V\u00e1ha: 5g Nap\u00e1jen\u00ed: USB Po\u010det: 2 LED diody SMD<\/p>\n","protected":false},"featured_media":677,"comment_status":"open","ping_status":"closed","template":"","meta":[],"product_brand":[],"product_cat":[27,17],"product_tag":[],"class_list":{"0":"post-676","1":"product","2":"type-product","3":"status-publish","4":"has-post-thumbnail","6":"product_cat-pocitace","7":"product_cat-elektronika","9":"first","10":"instock","11":"taxable","12":"shipping-taxable","13":"purchasable","14":"product-type-simple"},"jetpack_sharing_enabled":true,"_links":{"self":[{"href":"https:\/\/www.eBai.cz\/eshop\/wp-json\/wp\/v2\/product\/676","targetHints":{"allow":["GET"]}}],"collection":[{"href":"https:\/\/www.eBai.cz\/eshop\/wp-json\/wp\/v2\/product"}],"about":[{"href":"https:\/\/www.eBai.cz\/eshop\/wp-json\/wp\/v2\/types\/product"}],"replies":[{"embeddable":true,"href":"https:\/\/www.eBai.cz\/eshop\/wp-json\/wp\/v2\/comments?post=676"}],"wp:featuredmedia":[{"embeddable":true,"href":"https:\/\/www.eBai.cz\/eshop\/wp-json\/wp\/v2\/media\/677"}],"wp:attachment":[{"href":"https:\/\/www.eBai.cz\/eshop\/wp-json\/wp\/v2\/media?parent=676"}],"wp:term":[{"taxonomy":"product_brand","embeddable":true,"href":"https:\/\/www.eBai.cz\/eshop\/wp-json\/wp\/v2\/product_brand?post=676"},{"taxonomy":"product_cat","embeddable":true,"href":"https:\/\/www.eBai.cz\/eshop\/wp-json\/wp\/v2\/product_cat?post=676"},{"taxonomy":"product_tag","embeddable":true,"href":"https:\/\/www.eBai.cz\/eshop\/wp-json\/wp\/v2\/product_tag?post=676"}],"curies":[{"name":"wp","href":"https:\/\/api.w.org\/{rel}","templated":true}]}}