{"id":674,"date":"2020-02-13T22:54:57","date_gmt":"2020-02-13T21:54:57","guid":{"rendered":"https:\/\/www.eBai.cz\/eshop\/?post_type=product&#038;p=674"},"modified":"2023-12-16T21:51:15","modified_gmt":"2023-12-16T20:51:15","slug":"3-led-lampa-lampicka-mini-svitilna-usb","status":"publish","type":"product","link":"https:\/\/www.eBai.cz\/eshop\/produkt\/3-led-lampa-lampicka-mini-svitilna-usb\/","title":{"rendered":"3 LED lampa lampi\u010dka MINI sv\u00edtilna USB"},"content":{"rendered":"<p>Vod\u011bodoln\u00e9, vibrac\u00edm odoln\u00e9, jednoduch\u00e9 k instalaci<br \/>\nSkoro nulov\u00fd odb\u011br, \u017eivotnost v\u00edce jak 50 000 hodin<br \/>\nVynikaj\u00edc\u00ed um\u00edst\u011bn\u00ed za televizi, po\u010d\u00edta\u010d, do auta<\/p>\n<p>Parametry:<br \/>\nV\u00e1ha: 10g<br \/>\nNap\u00e1jen\u00ed: USB<br \/>\nPo\u010det: 3 LED diody SMD super sv\u00edtiv\u00e9<\/p>\n","protected":false},"excerpt":{"rendered":"<p>Vod\u011bodoln\u00e9, vibrac\u00edm odoln\u00e9, jednoduch\u00e9 k instalaci Skoro nulov\u00fd odb\u011br, \u017eivotnost v\u00edce jak 50 000 hodin Vynikaj\u00edc\u00ed um\u00edst\u011bn\u00ed za televizi, po\u010d\u00edta\u010d, do auta Parametry: V\u00e1ha: 10g Nap\u00e1jen\u00ed: USB Po\u010det: 3 LED diody SMD super sv\u00edtiv\u00e9<\/p>\n","protected":false},"featured_media":675,"comment_status":"open","ping_status":"closed","template":"","meta":[],"product_brand":[],"product_cat":[27,17],"product_tag":[],"class_list":{"0":"post-674","1":"product","2":"type-product","3":"status-publish","4":"has-post-thumbnail","6":"product_cat-pocitace","7":"product_cat-elektronika","9":"first","10":"instock","11":"sale","12":"taxable","13":"shipping-taxable","14":"purchasable","15":"product-type-simple"},"jetpack_sharing_enabled":true,"_links":{"self":[{"href":"https:\/\/www.eBai.cz\/eshop\/wp-json\/wp\/v2\/product\/674","targetHints":{"allow":["GET"]}}],"collection":[{"href":"https:\/\/www.eBai.cz\/eshop\/wp-json\/wp\/v2\/product"}],"about":[{"href":"https:\/\/www.eBai.cz\/eshop\/wp-json\/wp\/v2\/types\/product"}],"replies":[{"embeddable":true,"href":"https:\/\/www.eBai.cz\/eshop\/wp-json\/wp\/v2\/comments?post=674"}],"wp:featuredmedia":[{"embeddable":true,"href":"https:\/\/www.eBai.cz\/eshop\/wp-json\/wp\/v2\/media\/675"}],"wp:attachment":[{"href":"https:\/\/www.eBai.cz\/eshop\/wp-json\/wp\/v2\/media?parent=674"}],"wp:term":[{"taxonomy":"product_brand","embeddable":true,"href":"https:\/\/www.eBai.cz\/eshop\/wp-json\/wp\/v2\/product_brand?post=674"},{"taxonomy":"product_cat","embeddable":true,"href":"https:\/\/www.eBai.cz\/eshop\/wp-json\/wp\/v2\/product_cat?post=674"},{"taxonomy":"product_tag","embeddable":true,"href":"https:\/\/www.eBai.cz\/eshop\/wp-json\/wp\/v2\/product_tag?post=674"}],"curies":[{"name":"wp","href":"https:\/\/api.w.org\/{rel}","templated":true}]}}