{"id":672,"date":"2020-02-13T22:52:40","date_gmt":"2020-02-13T21:52:40","guid":{"rendered":"https:\/\/www.eBai.cz\/eshop\/?post_type=product&#038;p=672"},"modified":"2026-05-06T16:38:23","modified_gmt":"2026-05-06T14:38:23","slug":"magneticky-kontakt-dverni-okenni","status":"publish","type":"product","link":"https:\/\/www.eBai.cz\/eshop\/produkt\/magneticky-kontakt-dverni-okenni\/","title":{"rendered":"Magnetick\u00fd kontakt dve\u0159n\u00ed okenn\u00ed"},"content":{"rendered":"<p>Dve\u0159n\u00ed, okenn\u00ed magnetick\u00fd sp\u00edna\u010d<\/p>\n","protected":false},"excerpt":{"rendered":"<p>Dve\u0159n\u00ed, okenn\u00ed magnetick\u00fd sp\u00edna\u010d<\/p>\n","protected":false},"featured_media":673,"comment_status":"open","ping_status":"closed","template":"","meta":[],"product_brand":[],"product_cat":[17],"product_tag":[],"class_list":{"0":"post-672","1":"product","2":"type-product","3":"status-publish","4":"has-post-thumbnail","6":"product_cat-elektronika","8":"first","9":"instock","10":"sale","11":"taxable","12":"shipping-taxable","13":"purchasable","14":"product-type-simple"},"jetpack_sharing_enabled":true,"_links":{"self":[{"href":"https:\/\/www.eBai.cz\/eshop\/wp-json\/wp\/v2\/product\/672","targetHints":{"allow":["GET"]}}],"collection":[{"href":"https:\/\/www.eBai.cz\/eshop\/wp-json\/wp\/v2\/product"}],"about":[{"href":"https:\/\/www.eBai.cz\/eshop\/wp-json\/wp\/v2\/types\/product"}],"replies":[{"embeddable":true,"href":"https:\/\/www.eBai.cz\/eshop\/wp-json\/wp\/v2\/comments?post=672"}],"wp:featuredmedia":[{"embeddable":true,"href":"https:\/\/www.eBai.cz\/eshop\/wp-json\/wp\/v2\/media\/673"}],"wp:attachment":[{"href":"https:\/\/www.eBai.cz\/eshop\/wp-json\/wp\/v2\/media?parent=672"}],"wp:term":[{"taxonomy":"product_brand","embeddable":true,"href":"https:\/\/www.eBai.cz\/eshop\/wp-json\/wp\/v2\/product_brand?post=672"},{"taxonomy":"product_cat","embeddable":true,"href":"https:\/\/www.eBai.cz\/eshop\/wp-json\/wp\/v2\/product_cat?post=672"},{"taxonomy":"product_tag","embeddable":true,"href":"https:\/\/www.eBai.cz\/eshop\/wp-json\/wp\/v2\/product_tag?post=672"}],"curies":[{"name":"wp","href":"https:\/\/api.w.org\/{rel}","templated":true}]}}