{"id":665,"date":"2020-02-13T22:45:20","date_gmt":"2020-02-13T21:45:20","guid":{"rendered":"https:\/\/www.eBai.cz\/eshop\/?post_type=product&#038;p=665"},"modified":"2025-03-01T23:27:25","modified_gmt":"2025-03-01T22:27:25","slug":"3-led-lampa-lampicka-svitilna-usb-s-kloubem-a-klipem","status":"publish","type":"product","link":"https:\/\/www.eBai.cz\/eshop\/produkt\/3-led-lampa-lampicka-svitilna-usb-s-kloubem-a-klipem\/","title":{"rendered":"3 LED lampa lampi\u010dka sv\u00edtilna USB s kloubem a klipem"},"content":{"rendered":"<p>3 LED lampa lampi\u010dka sv\u00edtilna USB flexibiln\u00ed s kloubem a klipem<\/p>\n","protected":false},"excerpt":{"rendered":"<p>3 LED lampa lampi\u010dka sv\u00edtilna USB flexibiln\u00ed s kloubem a klipem<\/p>\n","protected":false},"featured_media":666,"comment_status":"open","ping_status":"closed","template":"","meta":[],"product_brand":[],"product_cat":[27,17],"product_tag":[],"class_list":{"0":"post-665","1":"product","2":"type-product","3":"status-publish","4":"has-post-thumbnail","6":"product_cat-pocitace","7":"product_cat-elektronika","9":"first","10":"instock","11":"sale","12":"taxable","13":"shipping-taxable","14":"purchasable","15":"product-type-simple"},"jetpack_sharing_enabled":true,"_links":{"self":[{"href":"https:\/\/www.eBai.cz\/eshop\/wp-json\/wp\/v2\/product\/665","targetHints":{"allow":["GET"]}}],"collection":[{"href":"https:\/\/www.eBai.cz\/eshop\/wp-json\/wp\/v2\/product"}],"about":[{"href":"https:\/\/www.eBai.cz\/eshop\/wp-json\/wp\/v2\/types\/product"}],"replies":[{"embeddable":true,"href":"https:\/\/www.eBai.cz\/eshop\/wp-json\/wp\/v2\/comments?post=665"}],"wp:featuredmedia":[{"embeddable":true,"href":"https:\/\/www.eBai.cz\/eshop\/wp-json\/wp\/v2\/media\/666"}],"wp:attachment":[{"href":"https:\/\/www.eBai.cz\/eshop\/wp-json\/wp\/v2\/media?parent=665"}],"wp:term":[{"taxonomy":"product_brand","embeddable":true,"href":"https:\/\/www.eBai.cz\/eshop\/wp-json\/wp\/v2\/product_brand?post=665"},{"taxonomy":"product_cat","embeddable":true,"href":"https:\/\/www.eBai.cz\/eshop\/wp-json\/wp\/v2\/product_cat?post=665"},{"taxonomy":"product_tag","embeddable":true,"href":"https:\/\/www.eBai.cz\/eshop\/wp-json\/wp\/v2\/product_tag?post=665"}],"curies":[{"name":"wp","href":"https:\/\/api.w.org\/{rel}","templated":true}]}}