{"id":663,"date":"2020-02-13T22:42:40","date_gmt":"2020-02-13T21:42:40","guid":{"rendered":"https:\/\/www.eBai.cz\/eshop\/?post_type=product&#038;p=663"},"modified":"2023-07-23T21:56:16","modified_gmt":"2023-07-23T19:56:16","slug":"digitalni-detsky-teplomer-lcd","status":"publish","type":"product","link":"https:\/\/www.eBai.cz\/eshop\/produkt\/digitalni-detsky-teplomer-lcd\/","title":{"rendered":"Digit\u00e1ln\u00ed d\u011btsk\u00fd teplom\u011br LCD"},"content":{"rendered":"<p>LCD digit\u00e1ln\u00ed d\u011btsk\u00fd teplom\u011br pod pa\u017ei<br \/>\nTeplotn\u00ed rozsah 32\u00b0C-42\u00b0C<br \/>\nm\u011b\u0159\u00edc\u00ed po 0,1\u00b0C<\/p>\n","protected":false},"excerpt":{"rendered":"<p>LCD digit\u00e1ln\u00ed d\u011btsk\u00fd teplom\u011br pod pa\u017ei Teplotn\u00ed rozsah 32\u00b0C-42\u00b0C m\u011b\u0159\u00edc\u00ed po 0,1\u00b0C<\/p>\n","protected":false},"featured_media":664,"comment_status":"open","ping_status":"closed","template":"","meta":[],"product_brand":[],"product_cat":[37],"product_tag":[],"class_list":{"0":"post-663","1":"product","2":"type-product","3":"status-publish","4":"has-post-thumbnail","6":"product_cat-teplomery","8":"first","9":"outofstock","10":"sale","11":"taxable","12":"shipping-taxable","13":"purchasable","14":"product-type-simple"},"jetpack_sharing_enabled":true,"_links":{"self":[{"href":"https:\/\/www.eBai.cz\/eshop\/wp-json\/wp\/v2\/product\/663","targetHints":{"allow":["GET"]}}],"collection":[{"href":"https:\/\/www.eBai.cz\/eshop\/wp-json\/wp\/v2\/product"}],"about":[{"href":"https:\/\/www.eBai.cz\/eshop\/wp-json\/wp\/v2\/types\/product"}],"replies":[{"embeddable":true,"href":"https:\/\/www.eBai.cz\/eshop\/wp-json\/wp\/v2\/comments?post=663"}],"wp:featuredmedia":[{"embeddable":true,"href":"https:\/\/www.eBai.cz\/eshop\/wp-json\/wp\/v2\/media\/664"}],"wp:attachment":[{"href":"https:\/\/www.eBai.cz\/eshop\/wp-json\/wp\/v2\/media?parent=663"}],"wp:term":[{"taxonomy":"product_brand","embeddable":true,"href":"https:\/\/www.eBai.cz\/eshop\/wp-json\/wp\/v2\/product_brand?post=663"},{"taxonomy":"product_cat","embeddable":true,"href":"https:\/\/www.eBai.cz\/eshop\/wp-json\/wp\/v2\/product_cat?post=663"},{"taxonomy":"product_tag","embeddable":true,"href":"https:\/\/www.eBai.cz\/eshop\/wp-json\/wp\/v2\/product_tag?post=663"}],"curies":[{"name":"wp","href":"https:\/\/api.w.org\/{rel}","templated":true}]}}