{"id":661,"date":"2020-02-13T22:29:30","date_gmt":"2020-02-13T21:29:30","guid":{"rendered":"https:\/\/www.eBai.cz\/eshop\/?post_type=product&#038;p=661"},"modified":"2024-01-27T02:19:35","modified_gmt":"2024-01-27T01:19:35","slug":"sportovni-pouzdro-na-ruku-behani-modra-85x160mm","status":"publish","type":"product","link":"https:\/\/www.eBai.cz\/eshop\/produkt\/sportovni-pouzdro-na-ruku-behani-modra-85x160mm\/","title":{"rendered":"Sportovn\u00ed pouzdro na ruku b\u011bh\u00e1n\u00ed modr\u00e1 85x160mm"},"content":{"rendered":"<p>Univerz\u00e1ln\u00ed sportovn\u00ed pouzdro na z\u00e1p\u011bst\u00ed\/rameno na mobil smartphone. P\u0159es sl\u00eddu lze bezprobl\u00e9m\u016f ovl\u00e1dat<\/p>\n<p>hod\u00ed se na jak\u00fdkoliv sport, b\u011bh, kole\u010dkov\u00e9 brusle, cyklistika<\/p>\n<p>Specifikace<br \/>\np\u0159ichycen\u00ed na such\u00fd zip<br \/>\nrozm\u011bry pr\u016fhledn\u00e9 plochy: 72\u00d7130mm<\/p>\n<p>Barvy: \u0161ed\u00e1, \u010dern\u00e1, modr\u00e1<\/p>\n","protected":false},"excerpt":{"rendered":"<p>Univerz\u00e1ln\u00ed sportovn\u00ed pouzdro na z\u00e1p\u011bst\u00ed\/rameno na mobil smartphone. P\u0159es sl\u00eddu lze bezprobl\u00e9m\u016f ovl\u00e1dat hod\u00ed se na jak\u00fdkoliv sport, b\u011bh, kole\u010dkov\u00e9 brusle, cyklistika Specifikace p\u0159ichycen\u00ed na such\u00fd zip rozm\u011bry pr\u016fhledn\u00e9 plochy: 72\u00d7130mm Barvy: \u0161ed\u00e1, \u010dern\u00e1, modr\u00e1<\/p>\n","protected":false},"featured_media":662,"comment_status":"open","ping_status":"closed","template":"","meta":[],"product_brand":[],"product_cat":[28,18],"product_tag":[],"class_list":{"0":"post-661","1":"product","2":"type-product","3":"status-publish","4":"has-post-thumbnail","6":"product_cat-pro-sport","7":"product_cat-pro-mobil","9":"first","10":"outofstock","11":"sale","12":"taxable","13":"shipping-taxable","14":"purchasable","15":"product-type-simple"},"jetpack_sharing_enabled":true,"_links":{"self":[{"href":"https:\/\/www.eBai.cz\/eshop\/wp-json\/wp\/v2\/product\/661","targetHints":{"allow":["GET"]}}],"collection":[{"href":"https:\/\/www.eBai.cz\/eshop\/wp-json\/wp\/v2\/product"}],"about":[{"href":"https:\/\/www.eBai.cz\/eshop\/wp-json\/wp\/v2\/types\/product"}],"replies":[{"embeddable":true,"href":"https:\/\/www.eBai.cz\/eshop\/wp-json\/wp\/v2\/comments?post=661"}],"wp:featuredmedia":[{"embeddable":true,"href":"https:\/\/www.eBai.cz\/eshop\/wp-json\/wp\/v2\/media\/662"}],"wp:attachment":[{"href":"https:\/\/www.eBai.cz\/eshop\/wp-json\/wp\/v2\/media?parent=661"}],"wp:term":[{"taxonomy":"product_brand","embeddable":true,"href":"https:\/\/www.eBai.cz\/eshop\/wp-json\/wp\/v2\/product_brand?post=661"},{"taxonomy":"product_cat","embeddable":true,"href":"https:\/\/www.eBai.cz\/eshop\/wp-json\/wp\/v2\/product_cat?post=661"},{"taxonomy":"product_tag","embeddable":true,"href":"https:\/\/www.eBai.cz\/eshop\/wp-json\/wp\/v2\/product_tag?post=661"}],"curies":[{"name":"wp","href":"https:\/\/api.w.org\/{rel}","templated":true}]}}