{"id":657,"date":"2020-02-13T22:29:03","date_gmt":"2020-02-13T21:29:03","guid":{"rendered":"https:\/\/www.eBai.cz\/eshop\/?post_type=product&#038;p=657"},"modified":"2025-08-18T08:50:05","modified_gmt":"2025-08-18T06:50:05","slug":"sportovni-pouzdro-na-ruku-behani-pro-6-telefon","status":"publish","type":"product","link":"https:\/\/www.eBai.cz\/eshop\/produkt\/sportovni-pouzdro-na-ruku-behani-pro-6-telefon\/","title":{"rendered":"Sportovn\u00ed pouzdro na ruku b\u011bh\u00e1n\u00ed pro 6&#8243; telefon r\u016f\u017eov\u00e1"},"content":{"rendered":"<p>Univerz\u00e1ln\u00ed sportovn\u00ed pouzdro pro 6&#8243; telefony na z\u00e1p\u011bst\u00ed\/rameno p\u0159i sportovn\u00ed aktivit\u011b.<\/p>\n<p>rozm\u011bry cel\u00e9 kapsy na telefon100\u00d7160mm<\/p>\n<p>rozm\u011bry pr\u016fhledn\u00e9 plochy: 75\u00d7145mm<\/p>\n<p>hod\u00ed se na jak\u00fdkoliv sport, b\u011bh, kole\u010dkov\u00e9 brusle, cyklistika<\/p>\n<p>barva r\u016f\u017eov\u00e1<\/p>\n","protected":false},"excerpt":{"rendered":"<p>Univerz\u00e1ln\u00ed sportovn\u00ed pouzdro pro 6&#8243; telefony na z\u00e1p\u011bst\u00ed\/rameno p\u0159i sportovn\u00ed aktivit\u011b. rozm\u011bry cel\u00e9 kapsy na telefon100\u00d7160mm rozm\u011bry pr\u016fhledn\u00e9 plochy: 75\u00d7145mm hod\u00ed se na jak\u00fdkoliv sport, b\u011bh, kole\u010dkov\u00e9 brusle, cyklistika barva r\u016f\u017eov\u00e1<\/p>\n","protected":false},"featured_media":660,"comment_status":"open","ping_status":"closed","template":"","meta":[],"product_brand":[],"product_cat":[28,18],"product_tag":[],"class_list":{"0":"post-657","1":"product","2":"type-product","3":"status-publish","4":"has-post-thumbnail","6":"product_cat-pro-sport","7":"product_cat-pro-mobil","9":"first","10":"instock","11":"sale","12":"taxable","13":"shipping-taxable","14":"purchasable","15":"product-type-simple"},"jetpack_sharing_enabled":true,"_links":{"self":[{"href":"https:\/\/www.eBai.cz\/eshop\/wp-json\/wp\/v2\/product\/657","targetHints":{"allow":["GET"]}}],"collection":[{"href":"https:\/\/www.eBai.cz\/eshop\/wp-json\/wp\/v2\/product"}],"about":[{"href":"https:\/\/www.eBai.cz\/eshop\/wp-json\/wp\/v2\/types\/product"}],"replies":[{"embeddable":true,"href":"https:\/\/www.eBai.cz\/eshop\/wp-json\/wp\/v2\/comments?post=657"}],"wp:featuredmedia":[{"embeddable":true,"href":"https:\/\/www.eBai.cz\/eshop\/wp-json\/wp\/v2\/media\/660"}],"wp:attachment":[{"href":"https:\/\/www.eBai.cz\/eshop\/wp-json\/wp\/v2\/media?parent=657"}],"wp:term":[{"taxonomy":"product_brand","embeddable":true,"href":"https:\/\/www.eBai.cz\/eshop\/wp-json\/wp\/v2\/product_brand?post=657"},{"taxonomy":"product_cat","embeddable":true,"href":"https:\/\/www.eBai.cz\/eshop\/wp-json\/wp\/v2\/product_cat?post=657"},{"taxonomy":"product_tag","embeddable":true,"href":"https:\/\/www.eBai.cz\/eshop\/wp-json\/wp\/v2\/product_tag?post=657"}],"curies":[{"name":"wp","href":"https:\/\/api.w.org\/{rel}","templated":true}]}}