{"id":653,"date":"2020-02-13T22:21:16","date_gmt":"2020-02-13T21:21:16","guid":{"rendered":"https:\/\/www.eBai.cz\/eshop\/?post_type=product&#038;p=653"},"modified":"2024-02-19T12:38:05","modified_gmt":"2024-02-19T11:38:05","slug":"autonabijecka-cigaretova-s-usb-univerzalni-na-mobil-cerna-bila","status":"publish","type":"product","link":"https:\/\/www.eBai.cz\/eshop\/produkt\/autonabijecka-cigaretova-s-usb-univerzalni-na-mobil-cerna-bila\/","title":{"rendered":"Autonab\u00edje\u010dka cigaretov\u00e1 s USB univerz\u00e1ln\u00ed na mobil \u010dern\u00e1\/b\u00edl\u00e1"},"content":{"rendered":"<p>Univerz\u00e1ln\u00ed cigaretov\u00e1 autonab\u00edje\u010dka USB konektorem &#8211; MP3, MP4, telefony.<\/p>\n<p>Miniaturn\u00ed rozm\u011bry 20\u00d745mm<\/p>\n","protected":false},"excerpt":{"rendered":"<p>Univerz\u00e1ln\u00ed cigaretov\u00e1 autonab\u00edje\u010dka USB konektorem &#8211; MP3, MP4, telefony. Miniaturn\u00ed rozm\u011bry 20\u00d745mm<\/p>\n","protected":false},"featured_media":654,"comment_status":"open","ping_status":"closed","template":"","meta":[],"product_brand":[],"product_cat":[33,18],"product_tag":[],"class_list":{"0":"post-653","1":"product","2":"type-product","3":"status-publish","4":"has-post-thumbnail","6":"product_cat-pro-auto","7":"product_cat-pro-mobil","9":"first","10":"instock","11":"sale","12":"taxable","13":"shipping-taxable","14":"purchasable","15":"product-type-simple"},"jetpack_sharing_enabled":true,"_links":{"self":[{"href":"https:\/\/www.eBai.cz\/eshop\/wp-json\/wp\/v2\/product\/653","targetHints":{"allow":["GET"]}}],"collection":[{"href":"https:\/\/www.eBai.cz\/eshop\/wp-json\/wp\/v2\/product"}],"about":[{"href":"https:\/\/www.eBai.cz\/eshop\/wp-json\/wp\/v2\/types\/product"}],"replies":[{"embeddable":true,"href":"https:\/\/www.eBai.cz\/eshop\/wp-json\/wp\/v2\/comments?post=653"}],"wp:featuredmedia":[{"embeddable":true,"href":"https:\/\/www.eBai.cz\/eshop\/wp-json\/wp\/v2\/media\/654"}],"wp:attachment":[{"href":"https:\/\/www.eBai.cz\/eshop\/wp-json\/wp\/v2\/media?parent=653"}],"wp:term":[{"taxonomy":"product_brand","embeddable":true,"href":"https:\/\/www.eBai.cz\/eshop\/wp-json\/wp\/v2\/product_brand?post=653"},{"taxonomy":"product_cat","embeddable":true,"href":"https:\/\/www.eBai.cz\/eshop\/wp-json\/wp\/v2\/product_cat?post=653"},{"taxonomy":"product_tag","embeddable":true,"href":"https:\/\/www.eBai.cz\/eshop\/wp-json\/wp\/v2\/product_tag?post=653"}],"curies":[{"name":"wp","href":"https:\/\/api.w.org\/{rel}","templated":true}]}}