{"id":645,"date":"2020-02-13T22:11:20","date_gmt":"2020-02-13T21:11:20","guid":{"rendered":"https:\/\/www.eBai.cz\/eshop\/?post_type=product&#038;p=645"},"modified":"2020-02-13T22:11:21","modified_gmt":"2020-02-13T21:11:21","slug":"360-klik","status":"publish","type":"product","link":"https:\/\/www.eBai.cz\/eshop\/produkt\/360-klik\/","title":{"rendered":"360 klik"},"content":{"rendered":"<p>360 klik je tla\u010d\u00edtko s mnoha funkcemi na jedno zm\u00e1\u010dknut\u00ed, dv\u011b nebo t\u0159\u00ed. Mohu si nastavit podle programu jakou aplikaci nebo funkci vykonat. Pro vyhled\u00e1n\u00ed v Android Play: Helloklick<\/p>\n","protected":false},"excerpt":{"rendered":"<p>360 klik je tla\u010d\u00edtko s mnoha funkcemi na jedno zm\u00e1\u010dknut\u00ed, dv\u011b nebo t\u0159\u00ed. Mohu si nastavit podle programu jakou aplikaci nebo funkci vykonat. Pro vyhled\u00e1n\u00ed v Android Play: Helloklick<\/p>\n","protected":false},"featured_media":646,"comment_status":"open","ping_status":"closed","template":"","meta":[],"product_brand":[],"product_cat":[18],"product_tag":[],"class_list":{"0":"post-645","1":"product","2":"type-product","3":"status-publish","4":"has-post-thumbnail","6":"product_cat-pro-mobil","8":"first","9":"instock","10":"taxable","11":"shipping-taxable","12":"purchasable","13":"product-type-simple"},"jetpack_sharing_enabled":true,"_links":{"self":[{"href":"https:\/\/www.eBai.cz\/eshop\/wp-json\/wp\/v2\/product\/645","targetHints":{"allow":["GET"]}}],"collection":[{"href":"https:\/\/www.eBai.cz\/eshop\/wp-json\/wp\/v2\/product"}],"about":[{"href":"https:\/\/www.eBai.cz\/eshop\/wp-json\/wp\/v2\/types\/product"}],"replies":[{"embeddable":true,"href":"https:\/\/www.eBai.cz\/eshop\/wp-json\/wp\/v2\/comments?post=645"}],"wp:featuredmedia":[{"embeddable":true,"href":"https:\/\/www.eBai.cz\/eshop\/wp-json\/wp\/v2\/media\/646"}],"wp:attachment":[{"href":"https:\/\/www.eBai.cz\/eshop\/wp-json\/wp\/v2\/media?parent=645"}],"wp:term":[{"taxonomy":"product_brand","embeddable":true,"href":"https:\/\/www.eBai.cz\/eshop\/wp-json\/wp\/v2\/product_brand?post=645"},{"taxonomy":"product_cat","embeddable":true,"href":"https:\/\/www.eBai.cz\/eshop\/wp-json\/wp\/v2\/product_cat?post=645"},{"taxonomy":"product_tag","embeddable":true,"href":"https:\/\/www.eBai.cz\/eshop\/wp-json\/wp\/v2\/product_tag?post=645"}],"curies":[{"name":"wp","href":"https:\/\/api.w.org\/{rel}","templated":true}]}}