{"id":639,"date":"2020-02-13T21:56:13","date_gmt":"2020-02-13T20:56:13","guid":{"rendered":"https:\/\/www.eBai.cz\/eshop\/?post_type=product&#038;p=639"},"modified":"2020-02-13T21:56:13","modified_gmt":"2020-02-13T20:56:13","slug":"cerne-ochranne-pouzdro-pro-tablet-univerzalni-16x22cm","status":"publish","type":"product","link":"https:\/\/www.eBai.cz\/eshop\/produkt\/cerne-ochranne-pouzdro-pro-tablet-univerzalni-16x22cm\/","title":{"rendered":"\u010cern\u00e9 ochrann\u00e9 pouzdro pro tablet univerz\u00e1ln\u00ed 16\u00d722cm"},"content":{"rendered":"<p>\u010cern\u00e9 ochrann\u00e9 pouzdro pro tablet univerz\u00e1ln\u00ed.<br \/>\nVelikost 16\u00d722cm.<\/p>\n<p>Pro modely Apple Ipad, Samsung Galaxy Tab, Sony Xperia, Asus atd.<\/p>\n","protected":false},"excerpt":{"rendered":"<p>\u010cern\u00e9 ochrann\u00e9 pouzdro pro tablet univerz\u00e1ln\u00ed. Velikost 16\u00d722cm. Pro modely Apple Ipad, Samsung Galaxy Tab, Sony Xperia, Asus atd.<\/p>\n","protected":false},"featured_media":640,"comment_status":"open","ping_status":"closed","template":"","meta":[],"product_brand":[],"product_cat":[18],"product_tag":[],"class_list":{"0":"post-639","1":"product","2":"type-product","3":"status-publish","4":"has-post-thumbnail","6":"product_cat-pro-mobil","8":"first","9":"instock","10":"sale","11":"taxable","12":"shipping-taxable","13":"purchasable","14":"product-type-simple"},"jetpack_sharing_enabled":true,"_links":{"self":[{"href":"https:\/\/www.eBai.cz\/eshop\/wp-json\/wp\/v2\/product\/639","targetHints":{"allow":["GET"]}}],"collection":[{"href":"https:\/\/www.eBai.cz\/eshop\/wp-json\/wp\/v2\/product"}],"about":[{"href":"https:\/\/www.eBai.cz\/eshop\/wp-json\/wp\/v2\/types\/product"}],"replies":[{"embeddable":true,"href":"https:\/\/www.eBai.cz\/eshop\/wp-json\/wp\/v2\/comments?post=639"}],"wp:featuredmedia":[{"embeddable":true,"href":"https:\/\/www.eBai.cz\/eshop\/wp-json\/wp\/v2\/media\/640"}],"wp:attachment":[{"href":"https:\/\/www.eBai.cz\/eshop\/wp-json\/wp\/v2\/media?parent=639"}],"wp:term":[{"taxonomy":"product_brand","embeddable":true,"href":"https:\/\/www.eBai.cz\/eshop\/wp-json\/wp\/v2\/product_brand?post=639"},{"taxonomy":"product_cat","embeddable":true,"href":"https:\/\/www.eBai.cz\/eshop\/wp-json\/wp\/v2\/product_cat?post=639"},{"taxonomy":"product_tag","embeddable":true,"href":"https:\/\/www.eBai.cz\/eshop\/wp-json\/wp\/v2\/product_tag?post=639"}],"curies":[{"name":"wp","href":"https:\/\/api.w.org\/{rel}","templated":true}]}}