{"id":637,"date":"2020-02-13T21:53:37","date_gmt":"2020-02-13T20:53:37","guid":{"rendered":"https:\/\/www.eBai.cz\/eshop\/?post_type=product&#038;p=637"},"modified":"2020-06-12T16:06:44","modified_gmt":"2020-06-12T14:06:44","slug":"drzak-stojan-mobilu-tabletu-ipadu-na-stul-dvojnozka","status":"publish","type":"product","link":"https:\/\/www.eBai.cz\/eshop\/produkt\/drzak-stojan-mobilu-tabletu-ipadu-na-stul-dvojnozka\/","title":{"rendered":"Dr\u017e\u00e1k stojan mobilu tabletu iPadu na st\u016fl dvojno\u017eka"},"content":{"rendered":"<p>Jednoduch\u00e1 dvojno\u017eka na postaven\u00ed mobilu nebo men\u0161\u00edho tabletu na st\u016fl. Jednodu\u0161e se sklop\u00ed do placat\u00e9 skoro &#8222;z\u00e1lo\u017eky do knihy&#8220;.<br \/>\nVhodn\u00e9 pro velikosti od 3&#8243; do 8&#8243;<\/p>\n<p>video ke shl\u00e9dnut\u00ed:<br \/>\n<iframe loading=\"lazy\" width=\"560\" height=\"315\" src=\"https:\/\/www.youtube.com\/embed\/fmRv1OT8lDk\" frameborder=\"0\" allow=\"accelerometer; autoplay; encrypted-media; gyroscope; picture-in-picture\" allowfullscreen><\/iframe><\/p>\n","protected":false},"excerpt":{"rendered":"<p>Jednoduch\u00e1 dvojno\u017eka na postaven\u00ed mobilu nebo men\u0161\u00edho tabletu na st\u016fl. Jednodu\u0161e se sklop\u00ed do placat\u00e9 skoro &#8222;z\u00e1lo\u017eky do knihy&#8220;. Vhodn\u00e9 pro velikosti od 3&#8243; do 8&#8243; video ke shl\u00e9dnut\u00ed:<\/p>\n","protected":false},"featured_media":638,"comment_status":"open","ping_status":"closed","template":"","meta":[],"product_brand":[],"product_cat":[18],"product_tag":[],"class_list":{"0":"post-637","1":"product","2":"type-product","3":"status-publish","4":"has-post-thumbnail","6":"product_cat-pro-mobil","8":"first","9":"instock","10":"taxable","11":"shipping-taxable","12":"purchasable","13":"product-type-simple"},"jetpack_sharing_enabled":true,"_links":{"self":[{"href":"https:\/\/www.eBai.cz\/eshop\/wp-json\/wp\/v2\/product\/637","targetHints":{"allow":["GET"]}}],"collection":[{"href":"https:\/\/www.eBai.cz\/eshop\/wp-json\/wp\/v2\/product"}],"about":[{"href":"https:\/\/www.eBai.cz\/eshop\/wp-json\/wp\/v2\/types\/product"}],"replies":[{"embeddable":true,"href":"https:\/\/www.eBai.cz\/eshop\/wp-json\/wp\/v2\/comments?post=637"}],"wp:featuredmedia":[{"embeddable":true,"href":"https:\/\/www.eBai.cz\/eshop\/wp-json\/wp\/v2\/media\/638"}],"wp:attachment":[{"href":"https:\/\/www.eBai.cz\/eshop\/wp-json\/wp\/v2\/media?parent=637"}],"wp:term":[{"taxonomy":"product_brand","embeddable":true,"href":"https:\/\/www.eBai.cz\/eshop\/wp-json\/wp\/v2\/product_brand?post=637"},{"taxonomy":"product_cat","embeddable":true,"href":"https:\/\/www.eBai.cz\/eshop\/wp-json\/wp\/v2\/product_cat?post=637"},{"taxonomy":"product_tag","embeddable":true,"href":"https:\/\/www.eBai.cz\/eshop\/wp-json\/wp\/v2\/product_tag?post=637"}],"curies":[{"name":"wp","href":"https:\/\/api.w.org\/{rel}","templated":true}]}}