{"id":630,"date":"2020-02-13T21:37:43","date_gmt":"2020-02-13T20:37:43","guid":{"rendered":"https:\/\/www.eBai.cz\/eshop\/?post_type=product&#038;p=630"},"modified":"2020-02-13T21:37:43","modified_gmt":"2020-02-13T20:37:43","slug":"huawei-band-4-sport-running-nabijecka-pro-usb","status":"publish","type":"product","link":"https:\/\/www.eBai.cz\/eshop\/produkt\/huawei-band-4-sport-running-nabijecka-pro-usb\/","title":{"rendered":"Huawei Band 4 sport running nab\u00edje\u010dka pro USB"},"content":{"rendered":"<p>Nab\u00edje\u010dka USB pro:<br \/>\nHuawei Band 4 Sport Running<\/p>\n","protected":false},"excerpt":{"rendered":"<p>Nab\u00edje\u010dka USB pro: Huawei Band 4 Sport Running<\/p>\n","protected":false},"featured_media":631,"comment_status":"open","ping_status":"closed","template":"","meta":[],"product_brand":[],"product_cat":[25],"product_tag":[],"class_list":{"0":"post-630","1":"product","2":"type-product","3":"status-publish","4":"has-post-thumbnail","6":"product_cat-chytre-hodinky","8":"first","9":"instock","10":"taxable","11":"shipping-taxable","12":"purchasable","13":"product-type-simple"},"jetpack_sharing_enabled":true,"_links":{"self":[{"href":"https:\/\/www.eBai.cz\/eshop\/wp-json\/wp\/v2\/product\/630","targetHints":{"allow":["GET"]}}],"collection":[{"href":"https:\/\/www.eBai.cz\/eshop\/wp-json\/wp\/v2\/product"}],"about":[{"href":"https:\/\/www.eBai.cz\/eshop\/wp-json\/wp\/v2\/types\/product"}],"replies":[{"embeddable":true,"href":"https:\/\/www.eBai.cz\/eshop\/wp-json\/wp\/v2\/comments?post=630"}],"wp:featuredmedia":[{"embeddable":true,"href":"https:\/\/www.eBai.cz\/eshop\/wp-json\/wp\/v2\/media\/631"}],"wp:attachment":[{"href":"https:\/\/www.eBai.cz\/eshop\/wp-json\/wp\/v2\/media?parent=630"}],"wp:term":[{"taxonomy":"product_brand","embeddable":true,"href":"https:\/\/www.eBai.cz\/eshop\/wp-json\/wp\/v2\/product_brand?post=630"},{"taxonomy":"product_cat","embeddable":true,"href":"https:\/\/www.eBai.cz\/eshop\/wp-json\/wp\/v2\/product_cat?post=630"},{"taxonomy":"product_tag","embeddable":true,"href":"https:\/\/www.eBai.cz\/eshop\/wp-json\/wp\/v2\/product_tag?post=630"}],"curies":[{"name":"wp","href":"https:\/\/api.w.org\/{rel}","templated":true}]}}