{"id":626,"date":"2020-02-13T21:32:25","date_gmt":"2020-02-13T20:32:25","guid":{"rendered":"https:\/\/www.eBai.cz\/eshop\/?post_type=product&#038;p=626"},"modified":"2020-02-13T21:32:25","modified_gmt":"2020-02-13T20:32:25","slug":"audio-sluchatka-do-usi-s-krabickou-cerna-plus-redukce-35-na-25mm","status":"publish","type":"product","link":"https:\/\/www.eBai.cz\/eshop\/produkt\/audio-sluchatka-do-usi-s-krabickou-cerna-plus-redukce-35-na-25mm\/","title":{"rendered":"Audio sluch\u00e1tka do u\u0161\u00ed s krabi\u010dkou \u010dern\u00e1  plus  redukce 3,5 na 2,5mm"},"content":{"rendered":"<p>Audio sluch\u00e1tka s plastovou krabi\u010dkou barva \u010dern\u00e1, 3,5mm jack plus redukce z 2,5mm na 3,5mm jack<\/p>\n","protected":false},"excerpt":{"rendered":"<p>Audio sluch\u00e1tka s plastovou krabi\u010dkou barva \u010dern\u00e1, 3,5mm jack plus redukce z 2,5mm na 3,5mm jack<\/p>\n","protected":false},"featured_media":627,"comment_status":"open","ping_status":"closed","template":"","meta":[],"product_brand":[],"product_cat":[18,17],"product_tag":[],"class_list":{"0":"post-626","1":"product","2":"type-product","3":"status-publish","4":"has-post-thumbnail","6":"product_cat-pro-mobil","7":"product_cat-elektronika","9":"first","10":"instock","11":"sale","12":"taxable","13":"shipping-taxable","14":"purchasable","15":"product-type-simple"},"jetpack_sharing_enabled":true,"_links":{"self":[{"href":"https:\/\/www.eBai.cz\/eshop\/wp-json\/wp\/v2\/product\/626","targetHints":{"allow":["GET"]}}],"collection":[{"href":"https:\/\/www.eBai.cz\/eshop\/wp-json\/wp\/v2\/product"}],"about":[{"href":"https:\/\/www.eBai.cz\/eshop\/wp-json\/wp\/v2\/types\/product"}],"replies":[{"embeddable":true,"href":"https:\/\/www.eBai.cz\/eshop\/wp-json\/wp\/v2\/comments?post=626"}],"wp:featuredmedia":[{"embeddable":true,"href":"https:\/\/www.eBai.cz\/eshop\/wp-json\/wp\/v2\/media\/627"}],"wp:attachment":[{"href":"https:\/\/www.eBai.cz\/eshop\/wp-json\/wp\/v2\/media?parent=626"}],"wp:term":[{"taxonomy":"product_brand","embeddable":true,"href":"https:\/\/www.eBai.cz\/eshop\/wp-json\/wp\/v2\/product_brand?post=626"},{"taxonomy":"product_cat","embeddable":true,"href":"https:\/\/www.eBai.cz\/eshop\/wp-json\/wp\/v2\/product_cat?post=626"},{"taxonomy":"product_tag","embeddable":true,"href":"https:\/\/www.eBai.cz\/eshop\/wp-json\/wp\/v2\/product_tag?post=626"}],"curies":[{"name":"wp","href":"https:\/\/api.w.org\/{rel}","templated":true}]}}