{"id":618,"date":"2020-02-13T21:25:22","date_gmt":"2020-02-13T20:25:22","guid":{"rendered":"https:\/\/www.eBai.cz\/eshop\/?post_type=product&#038;p=618"},"modified":"2020-02-13T21:25:22","modified_gmt":"2020-02-13T20:25:22","slug":"vodni-pouzdro-nepromokave-na-krk-male-5-na-plaz-k-mori","status":"publish","type":"product","link":"https:\/\/www.eBai.cz\/eshop\/produkt\/vodni-pouzdro-nepromokave-na-krk-male-5-na-plaz-k-mori\/","title":{"rendered":"Vodn\u00ed pouzdro nepromokav\u00e9 na krk mal\u00e9 5&#8243; na pl\u00e1\u017e k mo\u0159i"},"content":{"rendered":"<p>Vodn\u00ed pouzdro nepromokav\u00e9 na krk mal\u00e9 5&#8243; na pl\u00e1\u017e k mo\u0159i<br \/>\nvhodn\u00e9 na mobil, doklady, pen\u00edze<br \/>\nvelikost: 10\u00d715cm<\/p>\n","protected":false},"excerpt":{"rendered":"<p>Vodn\u00ed pouzdro nepromokav\u00e9 na krk mal\u00e9 5&#8243; na pl\u00e1\u017e k mo\u0159i vhodn\u00e9 na mobil, doklady, pen\u00edze velikost: 10\u00d715cm<\/p>\n","protected":false},"featured_media":619,"comment_status":"open","ping_status":"closed","template":"","meta":[],"product_brand":[],"product_cat":[28,18],"product_tag":[],"class_list":{"0":"post-618","1":"product","2":"type-product","3":"status-publish","4":"has-post-thumbnail","6":"product_cat-pro-sport","7":"product_cat-pro-mobil","9":"first","10":"instock","11":"taxable","12":"shipping-taxable","13":"purchasable","14":"product-type-simple"},"jetpack_sharing_enabled":true,"_links":{"self":[{"href":"https:\/\/www.eBai.cz\/eshop\/wp-json\/wp\/v2\/product\/618","targetHints":{"allow":["GET"]}}],"collection":[{"href":"https:\/\/www.eBai.cz\/eshop\/wp-json\/wp\/v2\/product"}],"about":[{"href":"https:\/\/www.eBai.cz\/eshop\/wp-json\/wp\/v2\/types\/product"}],"replies":[{"embeddable":true,"href":"https:\/\/www.eBai.cz\/eshop\/wp-json\/wp\/v2\/comments?post=618"}],"wp:featuredmedia":[{"embeddable":true,"href":"https:\/\/www.eBai.cz\/eshop\/wp-json\/wp\/v2\/media\/619"}],"wp:attachment":[{"href":"https:\/\/www.eBai.cz\/eshop\/wp-json\/wp\/v2\/media?parent=618"}],"wp:term":[{"taxonomy":"product_brand","embeddable":true,"href":"https:\/\/www.eBai.cz\/eshop\/wp-json\/wp\/v2\/product_brand?post=618"},{"taxonomy":"product_cat","embeddable":true,"href":"https:\/\/www.eBai.cz\/eshop\/wp-json\/wp\/v2\/product_cat?post=618"},{"taxonomy":"product_tag","embeddable":true,"href":"https:\/\/www.eBai.cz\/eshop\/wp-json\/wp\/v2\/product_tag?post=618"}],"curies":[{"name":"wp","href":"https:\/\/api.w.org\/{rel}","templated":true}]}}