{"id":612,"date":"2020-02-13T21:14:13","date_gmt":"2020-02-13T20:14:13","guid":{"rendered":"https:\/\/www.eBai.cz\/eshop\/?post_type=product&#038;p=612"},"modified":"2020-02-13T21:29:56","modified_gmt":"2020-02-13T20:29:56","slug":"drzak-stojan-mobilu-tabletu-do-auta-na-volant-stinitko-univerzal","status":"publish","type":"product","link":"https:\/\/www.eBai.cz\/eshop\/produkt\/drzak-stojan-mobilu-tabletu-do-auta-na-volant-stinitko-univerzal\/","title":{"rendered":"Dr\u017e\u00e1k stojan mobilu tabletu do auta na volant st\u00edn\u00edtko univerz\u00e1l"},"content":{"rendered":"<p>Dr\u017e\u00e1k stojan mobilu tabletu do auta na volant st\u00edn\u00edtko op\u011br\u00e1tko \u0159\u00edd\u00edtka skoro kamkoliv kam se d\u00e1 p\u0159ipnout p\u0159es \u0159em\u00ednek i na ty\u010d. Barva \u010dern\u00e1.<br \/>\nVelikost roztahovac\u00ed plochy max 15cm<\/p>\n","protected":false},"excerpt":{"rendered":"<p>Dr\u017e\u00e1k stojan mobilu tabletu do auta na volant st\u00edn\u00edtko op\u011br\u00e1tko \u0159\u00edd\u00edtka skoro kamkoliv kam se d\u00e1 p\u0159ipnout p\u0159es \u0159em\u00ednek i na ty\u010d. Barva \u010dern\u00e1. Velikost roztahovac\u00ed plochy max 15cm<\/p>\n","protected":false},"featured_media":613,"comment_status":"open","ping_status":"closed","template":"","meta":[],"product_brand":[],"product_cat":[18],"product_tag":[],"class_list":{"0":"post-612","1":"product","2":"type-product","3":"status-publish","4":"has-post-thumbnail","6":"product_cat-pro-mobil","8":"first","9":"instock","10":"taxable","11":"shipping-taxable","12":"purchasable","13":"product-type-simple"},"jetpack_sharing_enabled":true,"_links":{"self":[{"href":"https:\/\/www.eBai.cz\/eshop\/wp-json\/wp\/v2\/product\/612","targetHints":{"allow":["GET"]}}],"collection":[{"href":"https:\/\/www.eBai.cz\/eshop\/wp-json\/wp\/v2\/product"}],"about":[{"href":"https:\/\/www.eBai.cz\/eshop\/wp-json\/wp\/v2\/types\/product"}],"replies":[{"embeddable":true,"href":"https:\/\/www.eBai.cz\/eshop\/wp-json\/wp\/v2\/comments?post=612"}],"wp:featuredmedia":[{"embeddable":true,"href":"https:\/\/www.eBai.cz\/eshop\/wp-json\/wp\/v2\/media\/613"}],"wp:attachment":[{"href":"https:\/\/www.eBai.cz\/eshop\/wp-json\/wp\/v2\/media?parent=612"}],"wp:term":[{"taxonomy":"product_brand","embeddable":true,"href":"https:\/\/www.eBai.cz\/eshop\/wp-json\/wp\/v2\/product_brand?post=612"},{"taxonomy":"product_cat","embeddable":true,"href":"https:\/\/www.eBai.cz\/eshop\/wp-json\/wp\/v2\/product_cat?post=612"},{"taxonomy":"product_tag","embeddable":true,"href":"https:\/\/www.eBai.cz\/eshop\/wp-json\/wp\/v2\/product_tag?post=612"}],"curies":[{"name":"wp","href":"https:\/\/api.w.org\/{rel}","templated":true}]}}