{"id":610,"date":"2020-02-13T21:10:51","date_gmt":"2020-02-13T20:10:51","guid":{"rendered":"https:\/\/www.eBai.cz\/eshop\/?post_type=product&#038;p=610"},"modified":"2020-02-13T21:10:51","modified_gmt":"2020-02-13T20:10:51","slug":"univerzalni-drzak-na-mobil-smartphone-na-celni-sklo-do-auta-stredni-cerna","status":"publish","type":"product","link":"https:\/\/www.eBai.cz\/eshop\/produkt\/univerzalni-drzak-na-mobil-smartphone-na-celni-sklo-do-auta-stredni-cerna\/","title":{"rendered":"Univerz\u00e1ln\u00ed dr\u017e\u00e1k na mobil smartphone na \u010deln\u00ed sklo do auta st\u0159edn\u00ed, \u010dern\u00e1"},"content":{"rendered":"<p>Univerz\u00e1ln\u00ed dr\u017e\u00e1k na mobil, nav\u00edgace nebo smartphone s p\u0159\u00edsavkou na \u010deln\u00ed sklo do auta.<br \/>\nRozp\u011bt\u00ed dr\u017e\u00e1ku je do 10cm MAX, barva \u010dern\u00e1<\/p>\n","protected":false},"excerpt":{"rendered":"<p>Univerz\u00e1ln\u00ed dr\u017e\u00e1k na mobil, nav\u00edgace nebo smartphone s p\u0159\u00edsavkou na \u010deln\u00ed sklo do auta. Rozp\u011bt\u00ed dr\u017e\u00e1ku je do 10cm MAX, barva \u010dern\u00e1<\/p>\n","protected":false},"featured_media":611,"comment_status":"open","ping_status":"closed","template":"","meta":[],"product_brand":[],"product_cat":[18],"product_tag":[],"class_list":{"0":"post-610","1":"product","2":"type-product","3":"status-publish","4":"has-post-thumbnail","6":"product_cat-pro-mobil","8":"first","9":"instock","10":"taxable","11":"shipping-taxable","12":"purchasable","13":"product-type-simple"},"jetpack_sharing_enabled":true,"_links":{"self":[{"href":"https:\/\/www.eBai.cz\/eshop\/wp-json\/wp\/v2\/product\/610","targetHints":{"allow":["GET"]}}],"collection":[{"href":"https:\/\/www.eBai.cz\/eshop\/wp-json\/wp\/v2\/product"}],"about":[{"href":"https:\/\/www.eBai.cz\/eshop\/wp-json\/wp\/v2\/types\/product"}],"replies":[{"embeddable":true,"href":"https:\/\/www.eBai.cz\/eshop\/wp-json\/wp\/v2\/comments?post=610"}],"wp:featuredmedia":[{"embeddable":true,"href":"https:\/\/www.eBai.cz\/eshop\/wp-json\/wp\/v2\/media\/611"}],"wp:attachment":[{"href":"https:\/\/www.eBai.cz\/eshop\/wp-json\/wp\/v2\/media?parent=610"}],"wp:term":[{"taxonomy":"product_brand","embeddable":true,"href":"https:\/\/www.eBai.cz\/eshop\/wp-json\/wp\/v2\/product_brand?post=610"},{"taxonomy":"product_cat","embeddable":true,"href":"https:\/\/www.eBai.cz\/eshop\/wp-json\/wp\/v2\/product_cat?post=610"},{"taxonomy":"product_tag","embeddable":true,"href":"https:\/\/www.eBai.cz\/eshop\/wp-json\/wp\/v2\/product_tag?post=610"}],"curies":[{"name":"wp","href":"https:\/\/api.w.org\/{rel}","templated":true}]}}