{"id":604,"date":"2020-02-13T21:04:29","date_gmt":"2020-02-13T20:04:29","guid":{"rendered":"https:\/\/www.eBai.cz\/eshop\/?post_type=product&#038;p=604"},"modified":"2020-11-28T10:23:42","modified_gmt":"2020-11-28T09:23:42","slug":"drzak-mobilu-k-posteli-stolu-kamkoliv-s-ohebnym-krkem-60cm-cerna","status":"publish","type":"product","link":"https:\/\/www.eBai.cz\/eshop\/produkt\/drzak-mobilu-k-posteli-stolu-kamkoliv-s-ohebnym-krkem-60cm-cerna\/","title":{"rendered":"Dr\u017e\u00e1k mobilu k posteli stolu kamkoliv s ohebn\u00fdm krkem 60cm \u010dern\u00e1"},"content":{"rendered":"<p>Dr\u017e\u00e1k mobilu k posteli stolu kamkoliv s ohebn\u00fdm krkem 60cm, barva \u010dern\u00e1<br \/>\nd\u00e9lka ohebn\u00e9 \u010d\u00e1sti 60cm<br \/>\nmax rozev\u0159en\u00ed pro st\u016fl, postel 6cm<br \/>\nmax rozev\u0159en\u00ed pro mobil 8cm<\/p>\n","protected":false},"excerpt":{"rendered":"<p>Dr\u017e\u00e1k mobilu k posteli stolu kamkoliv s ohebn\u00fdm krkem 60cm, barva \u010dern\u00e1 d\u00e9lka ohebn\u00e9 \u010d\u00e1sti 60cm max rozev\u0159en\u00ed pro st\u016fl, postel 6cm max rozev\u0159en\u00ed pro mobil 8cm<\/p>\n","protected":false},"featured_media":607,"comment_status":"open","ping_status":"closed","template":"","meta":[],"product_brand":[],"product_cat":[18],"product_tag":[],"class_list":{"0":"post-604","1":"product","2":"type-product","3":"status-publish","4":"has-post-thumbnail","6":"product_cat-pro-mobil","8":"first","9":"instock","10":"taxable","11":"shipping-taxable","12":"purchasable","13":"product-type-simple"},"jetpack_sharing_enabled":true,"_links":{"self":[{"href":"https:\/\/www.eBai.cz\/eshop\/wp-json\/wp\/v2\/product\/604","targetHints":{"allow":["GET"]}}],"collection":[{"href":"https:\/\/www.eBai.cz\/eshop\/wp-json\/wp\/v2\/product"}],"about":[{"href":"https:\/\/www.eBai.cz\/eshop\/wp-json\/wp\/v2\/types\/product"}],"replies":[{"embeddable":true,"href":"https:\/\/www.eBai.cz\/eshop\/wp-json\/wp\/v2\/comments?post=604"}],"wp:featuredmedia":[{"embeddable":true,"href":"https:\/\/www.eBai.cz\/eshop\/wp-json\/wp\/v2\/media\/607"}],"wp:attachment":[{"href":"https:\/\/www.eBai.cz\/eshop\/wp-json\/wp\/v2\/media?parent=604"}],"wp:term":[{"taxonomy":"product_brand","embeddable":true,"href":"https:\/\/www.eBai.cz\/eshop\/wp-json\/wp\/v2\/product_brand?post=604"},{"taxonomy":"product_cat","embeddable":true,"href":"https:\/\/www.eBai.cz\/eshop\/wp-json\/wp\/v2\/product_cat?post=604"},{"taxonomy":"product_tag","embeddable":true,"href":"https:\/\/www.eBai.cz\/eshop\/wp-json\/wp\/v2\/product_tag?post=604"}],"curies":[{"name":"wp","href":"https:\/\/api.w.org\/{rel}","templated":true}]}}