{"id":590,"date":"2020-02-13T19:59:37","date_gmt":"2020-02-13T18:59:37","guid":{"rendered":"https:\/\/www.eBai.cz\/eshop\/?post_type=product&#038;p=590"},"modified":"2020-02-13T20:00:19","modified_gmt":"2020-02-13T19:00:19","slug":"digitalni-infracerveny-meric-teploty-pistolovy-dt-300","status":"publish","type":"product","link":"https:\/\/www.eBai.cz\/eshop\/produkt\/digitalni-infracerveny-meric-teploty-pistolovy-dt-300\/","title":{"rendered":"Digit\u00e1ln\u00ed infra\u010derven\u00fd m\u011b\u0159i\u010d teploty pistolov\u00fd DT-300"},"content":{"rendered":"<p>Digit\u00e1ln\u00ed infra\u010derven\u00fd m\u011b\u0159i\u010d teploty pistolov\u00fd DT-300<\/p>\n<p>Specifikace:<br \/>\nV\u00e1ha: 120g<br \/>\nVelik\u00fd LCD displej s podsv\u00edcen\u00edm<br \/>\nTeplota zobraziteln\u00e1 Celsius \/ Fahrenheit<br \/>\nRozsah teplot: -50 &#8211; plus 330\u00b0C<br \/>\nNap\u00e1jen\u00ed 2\u00d71,5V AAA baterie, kter\u00e9 nejsou sou\u010d\u00e1st\u00ed balen\u00ed.<\/p>\n","protected":false},"excerpt":{"rendered":"<p>Digit\u00e1ln\u00ed infra\u010derven\u00fd m\u011b\u0159i\u010d teploty pistolov\u00fd DT-300 Specifikace: V\u00e1ha: 120g Velik\u00fd LCD displej s podsv\u00edcen\u00edm Teplota zobraziteln\u00e1 Celsius \/ Fahrenheit Rozsah teplot: -50 &#8211; plus 330\u00b0C Nap\u00e1jen\u00ed 2\u00d71,5V AAA baterie, kter\u00e9 nejsou sou\u010d\u00e1st\u00ed balen\u00ed.<\/p>\n","protected":false},"featured_media":591,"comment_status":"open","ping_status":"closed","template":"","meta":[],"product_brand":[],"product_cat":[37],"product_tag":[],"class_list":{"0":"post-590","1":"product","2":"type-product","3":"status-publish","4":"has-post-thumbnail","6":"product_cat-teplomery","8":"first","9":"instock","10":"sale","11":"taxable","12":"shipping-taxable","13":"purchasable","14":"product-type-simple"},"jetpack_sharing_enabled":true,"_links":{"self":[{"href":"https:\/\/www.eBai.cz\/eshop\/wp-json\/wp\/v2\/product\/590","targetHints":{"allow":["GET"]}}],"collection":[{"href":"https:\/\/www.eBai.cz\/eshop\/wp-json\/wp\/v2\/product"}],"about":[{"href":"https:\/\/www.eBai.cz\/eshop\/wp-json\/wp\/v2\/types\/product"}],"replies":[{"embeddable":true,"href":"https:\/\/www.eBai.cz\/eshop\/wp-json\/wp\/v2\/comments?post=590"}],"wp:featuredmedia":[{"embeddable":true,"href":"https:\/\/www.eBai.cz\/eshop\/wp-json\/wp\/v2\/media\/591"}],"wp:attachment":[{"href":"https:\/\/www.eBai.cz\/eshop\/wp-json\/wp\/v2\/media?parent=590"}],"wp:term":[{"taxonomy":"product_brand","embeddable":true,"href":"https:\/\/www.eBai.cz\/eshop\/wp-json\/wp\/v2\/product_brand?post=590"},{"taxonomy":"product_cat","embeddable":true,"href":"https:\/\/www.eBai.cz\/eshop\/wp-json\/wp\/v2\/product_cat?post=590"},{"taxonomy":"product_tag","embeddable":true,"href":"https:\/\/www.eBai.cz\/eshop\/wp-json\/wp\/v2\/product_tag?post=590"}],"curies":[{"name":"wp","href":"https:\/\/api.w.org\/{rel}","templated":true}]}}