{"id":582,"date":"2020-02-13T19:19:19","date_gmt":"2020-02-13T18:19:19","guid":{"rendered":"https:\/\/www.eBai.cz\/eshop\/?post_type=product&#038;p=582"},"modified":"2020-12-17T06:22:59","modified_gmt":"2020-12-17T05:22:59","slug":"levitacni-vznasejici-se-globus-svitici","status":"publish","type":"product","link":"https:\/\/www.eBai.cz\/eshop\/produkt\/levitacni-vznasejici-se-globus-svitici\/","title":{"rendered":"Levita\u010dn\u00ed vzn\u00e1\u0161ej\u00edc\u00ed se globus sv\u00edt\u00edc\u00ed"},"content":{"rendered":"<p>Levita\u010dn\u00ed globus sv\u00edt\u00edc\u00ed<\/p>\n<p>Ud\u011blejte radost sv\u00e9mu oslavenci nebo i sob\u011b&#8230;<\/p>\n","protected":false},"excerpt":{"rendered":"<p>Levita\u010dn\u00ed globus sv\u00edt\u00edc\u00ed Ud\u011blejte radost sv\u00e9mu oslavenci nebo i sob\u011b&#8230;<\/p>\n","protected":false},"featured_media":583,"comment_status":"open","ping_status":"closed","template":"","meta":[],"product_brand":[],"product_cat":[26],"product_tag":[],"class_list":{"0":"post-582","1":"product","2":"type-product","3":"status-publish","4":"has-post-thumbnail","6":"product_cat-darky","8":"first","9":"outofstock","10":"taxable","11":"shipping-taxable","12":"purchasable","13":"product-type-simple"},"jetpack_sharing_enabled":true,"_links":{"self":[{"href":"https:\/\/www.eBai.cz\/eshop\/wp-json\/wp\/v2\/product\/582","targetHints":{"allow":["GET"]}}],"collection":[{"href":"https:\/\/www.eBai.cz\/eshop\/wp-json\/wp\/v2\/product"}],"about":[{"href":"https:\/\/www.eBai.cz\/eshop\/wp-json\/wp\/v2\/types\/product"}],"replies":[{"embeddable":true,"href":"https:\/\/www.eBai.cz\/eshop\/wp-json\/wp\/v2\/comments?post=582"}],"wp:featuredmedia":[{"embeddable":true,"href":"https:\/\/www.eBai.cz\/eshop\/wp-json\/wp\/v2\/media\/583"}],"wp:attachment":[{"href":"https:\/\/www.eBai.cz\/eshop\/wp-json\/wp\/v2\/media?parent=582"}],"wp:term":[{"taxonomy":"product_brand","embeddable":true,"href":"https:\/\/www.eBai.cz\/eshop\/wp-json\/wp\/v2\/product_brand?post=582"},{"taxonomy":"product_cat","embeddable":true,"href":"https:\/\/www.eBai.cz\/eshop\/wp-json\/wp\/v2\/product_cat?post=582"},{"taxonomy":"product_tag","embeddable":true,"href":"https:\/\/www.eBai.cz\/eshop\/wp-json\/wp\/v2\/product_tag?post=582"}],"curies":[{"name":"wp","href":"https:\/\/api.w.org\/{rel}","templated":true}]}}