{"id":580,"date":"2020-02-13T19:14:14","date_gmt":"2020-02-13T18:14:14","guid":{"rendered":"https:\/\/www.eBai.cz\/eshop\/?post_type=product&#038;p=580"},"modified":"2024-06-03T10:32:18","modified_gmt":"2024-06-03T08:32:18","slug":"fotoramecek-6cm-na-klice","status":"publish","type":"product","link":"https:\/\/www.eBai.cz\/eshop\/produkt\/fotoramecek-6cm-na-klice\/","title":{"rendered":"Fotor\u00e1me\u010dek 6cm na kl\u00ed\u010de"},"content":{"rendered":"<p>Fotor\u00e1me\u010dek 6cm na kl\u00ed\u010de, pro jak\u00e9koliv foto, vym\u011bniteln\u00e9<\/p>\n<p>Velikost vnit\u0159n\u00ed 32\u00d746mm, vn\u011bj\u0161\u00ed 36\u00d750mm<\/p>\n","protected":false},"excerpt":{"rendered":"<p>Fotor\u00e1me\u010dek 6cm na kl\u00ed\u010de, pro jak\u00e9koliv foto, vym\u011bniteln\u00e9 Velikost vnit\u0159n\u00ed 32\u00d746mm, vn\u011bj\u0161\u00ed 36\u00d750mm<\/p>\n","protected":false},"featured_media":581,"comment_status":"open","ping_status":"closed","template":"","meta":[],"product_brand":[],"product_cat":[36,26],"product_tag":[],"class_list":{"0":"post-580","1":"product","2":"type-product","3":"status-publish","4":"has-post-thumbnail","6":"product_cat-klicenky","7":"product_cat-darky","9":"first","10":"instock","11":"taxable","12":"shipping-taxable","13":"purchasable","14":"product-type-simple"},"jetpack_sharing_enabled":true,"_links":{"self":[{"href":"https:\/\/www.eBai.cz\/eshop\/wp-json\/wp\/v2\/product\/580","targetHints":{"allow":["GET"]}}],"collection":[{"href":"https:\/\/www.eBai.cz\/eshop\/wp-json\/wp\/v2\/product"}],"about":[{"href":"https:\/\/www.eBai.cz\/eshop\/wp-json\/wp\/v2\/types\/product"}],"replies":[{"embeddable":true,"href":"https:\/\/www.eBai.cz\/eshop\/wp-json\/wp\/v2\/comments?post=580"}],"wp:featuredmedia":[{"embeddable":true,"href":"https:\/\/www.eBai.cz\/eshop\/wp-json\/wp\/v2\/media\/581"}],"wp:attachment":[{"href":"https:\/\/www.eBai.cz\/eshop\/wp-json\/wp\/v2\/media?parent=580"}],"wp:term":[{"taxonomy":"product_brand","embeddable":true,"href":"https:\/\/www.eBai.cz\/eshop\/wp-json\/wp\/v2\/product_brand?post=580"},{"taxonomy":"product_cat","embeddable":true,"href":"https:\/\/www.eBai.cz\/eshop\/wp-json\/wp\/v2\/product_cat?post=580"},{"taxonomy":"product_tag","embeddable":true,"href":"https:\/\/www.eBai.cz\/eshop\/wp-json\/wp\/v2\/product_tag?post=580"}],"curies":[{"name":"wp","href":"https:\/\/api.w.org\/{rel}","templated":true}]}}