{"id":570,"date":"2020-02-13T19:01:28","date_gmt":"2020-02-13T18:01:28","guid":{"rendered":"https:\/\/www.eBai.cz\/eshop\/?post_type=product&#038;p=570"},"modified":"2023-12-21T19:25:39","modified_gmt":"2023-12-21T18:25:39","slug":"blikaci-vydavajici-zvuk-zviratko-star-wars-privesek-na-klice","status":"publish","type":"product","link":"https:\/\/www.eBai.cz\/eshop\/produkt\/blikaci-vydavajici-zvuk-zviratko-star-wars-privesek-na-klice\/","title":{"rendered":"Blikac\u00ed vyd\u00e1vaj\u00edc\u00ed zvuk zv\u00ed\u0159\u00e1tko Star Wars p\u0159\u00edv\u011b\u0161ek na kl\u00ed\u010de"},"content":{"rendered":"<p>Blika\u010dka a vyd\u00e1vaj\u00edc\u00ed zvuk zv\u00ed\u0159\u00e1tko, p\u0159i stisku tla\u010d\u00edtka, na baterie, kter\u00e9 jsou sou\u010d\u00e1st\u00ed balen\u00ed<\/p>\n<p>velikost 6cm<\/p>\n<p><iframe loading=\"lazy\" src=\"https:\/\/www.youtube.com\/embed\/SznpKFOxt8U\" width=\"560\" height=\"315\" frameborder=\"0\" allowfullscreen=\"allowfullscreen\"><\/iframe><\/p>\n<p><iframe loading=\"lazy\" src=\"https:\/\/www.youtube.com\/embed\/MqayWNLAj7Y\" width=\"560\" height=\"315\" frameborder=\"0\" allowfullscreen=\"allowfullscreen\"><\/iframe><\/p>\n","protected":false},"excerpt":{"rendered":"<p>Blika\u010dka a vyd\u00e1vaj\u00edc\u00ed zvuk zv\u00ed\u0159\u00e1tko, p\u0159i stisku tla\u010d\u00edtka, na baterie, kter\u00e9 jsou sou\u010d\u00e1st\u00ed balen\u00ed velikost 6cm<\/p>\n","protected":false},"featured_media":571,"comment_status":"open","ping_status":"closed","template":"","meta":[],"product_brand":[],"product_cat":[36],"product_tag":[],"class_list":{"0":"post-570","1":"product","2":"type-product","3":"status-publish","4":"has-post-thumbnail","6":"product_cat-klicenky","8":"first","9":"instock","10":"taxable","11":"shipping-taxable","12":"purchasable","13":"product-type-simple"},"jetpack_sharing_enabled":true,"_links":{"self":[{"href":"https:\/\/www.eBai.cz\/eshop\/wp-json\/wp\/v2\/product\/570","targetHints":{"allow":["GET"]}}],"collection":[{"href":"https:\/\/www.eBai.cz\/eshop\/wp-json\/wp\/v2\/product"}],"about":[{"href":"https:\/\/www.eBai.cz\/eshop\/wp-json\/wp\/v2\/types\/product"}],"replies":[{"embeddable":true,"href":"https:\/\/www.eBai.cz\/eshop\/wp-json\/wp\/v2\/comments?post=570"}],"wp:featuredmedia":[{"embeddable":true,"href":"https:\/\/www.eBai.cz\/eshop\/wp-json\/wp\/v2\/media\/571"}],"wp:attachment":[{"href":"https:\/\/www.eBai.cz\/eshop\/wp-json\/wp\/v2\/media?parent=570"}],"wp:term":[{"taxonomy":"product_brand","embeddable":true,"href":"https:\/\/www.eBai.cz\/eshop\/wp-json\/wp\/v2\/product_brand?post=570"},{"taxonomy":"product_cat","embeddable":true,"href":"https:\/\/www.eBai.cz\/eshop\/wp-json\/wp\/v2\/product_cat?post=570"},{"taxonomy":"product_tag","embeddable":true,"href":"https:\/\/www.eBai.cz\/eshop\/wp-json\/wp\/v2\/product_tag?post=570"}],"curies":[{"name":"wp","href":"https:\/\/api.w.org\/{rel}","templated":true}]}}