{"id":564,"date":"2020-02-13T18:42:42","date_gmt":"2020-02-13T17:42:42","guid":{"rendered":"https:\/\/www.eBai.cz\/eshop\/?post_type=product&#038;p=564"},"modified":"2025-03-01T23:50:02","modified_gmt":"2025-03-01T22:50:02","slug":"mys-genius-dx-120-modra-opticka-3-tlacitka-1200dpi-usb-modra","status":"publish","type":"product","link":"https:\/\/www.eBai.cz\/eshop\/produkt\/mys-genius-dx-120-modra-opticka-3-tlacitka-1200dpi-usb-modra\/","title":{"rendered":"My\u0161 Genius DX-120 modr\u00e1 \/ optick\u00e1 \/ 3 tla\u010d\u00edtka \/ 1200dpi, USB, modr\u00e1"},"content":{"rendered":"<p>My\u0161 Genius DX-120 modr\u00e1 \/ optick\u00e1 \/ 3 tla\u010d\u00edtka \/ 1200dpi, USB, modr\u00e1<\/p>\n","protected":false},"excerpt":{"rendered":"<p>My\u0161 Genius DX-120 modr\u00e1 \/ optick\u00e1 \/ 3 tla\u010d\u00edtka \/ 1200dpi, USB, modr\u00e1<\/p>\n","protected":false},"featured_media":565,"comment_status":"open","ping_status":"closed","template":"","meta":[],"product_brand":[],"product_cat":[27],"product_tag":[],"class_list":{"0":"post-564","1":"product","2":"type-product","3":"status-publish","4":"has-post-thumbnail","6":"product_cat-pocitace","8":"first","9":"instock","10":"taxable","11":"shipping-taxable","12":"purchasable","13":"product-type-simple"},"jetpack_sharing_enabled":true,"_links":{"self":[{"href":"https:\/\/www.eBai.cz\/eshop\/wp-json\/wp\/v2\/product\/564","targetHints":{"allow":["GET"]}}],"collection":[{"href":"https:\/\/www.eBai.cz\/eshop\/wp-json\/wp\/v2\/product"}],"about":[{"href":"https:\/\/www.eBai.cz\/eshop\/wp-json\/wp\/v2\/types\/product"}],"replies":[{"embeddable":true,"href":"https:\/\/www.eBai.cz\/eshop\/wp-json\/wp\/v2\/comments?post=564"}],"wp:featuredmedia":[{"embeddable":true,"href":"https:\/\/www.eBai.cz\/eshop\/wp-json\/wp\/v2\/media\/565"}],"wp:attachment":[{"href":"https:\/\/www.eBai.cz\/eshop\/wp-json\/wp\/v2\/media?parent=564"}],"wp:term":[{"taxonomy":"product_brand","embeddable":true,"href":"https:\/\/www.eBai.cz\/eshop\/wp-json\/wp\/v2\/product_brand?post=564"},{"taxonomy":"product_cat","embeddable":true,"href":"https:\/\/www.eBai.cz\/eshop\/wp-json\/wp\/v2\/product_cat?post=564"},{"taxonomy":"product_tag","embeddable":true,"href":"https:\/\/www.eBai.cz\/eshop\/wp-json\/wp\/v2\/product_tag?post=564"}],"curies":[{"name":"wp","href":"https:\/\/api.w.org\/{rel}","templated":true}]}}