{"id":562,"date":"2020-02-13T18:39:08","date_gmt":"2020-02-13T17:39:08","guid":{"rendered":"https:\/\/www.eBai.cz\/eshop\/?post_type=product&#038;p=562"},"modified":"2020-02-13T18:39:08","modified_gmt":"2020-02-13T17:39:08","slug":"bezdratova-opticka-mys-24ghz-usb-k-notebooku-nebo-pc-ruzne-barvy","status":"publish","type":"product","link":"https:\/\/www.eBai.cz\/eshop\/produkt\/bezdratova-opticka-mys-24ghz-usb-k-notebooku-nebo-pc-ruzne-barvy\/","title":{"rendered":"Bezdr\u00e1tov\u00e1 optick\u00e1 my\u0161 2,4GHz USB k notebooku nebo PC, r\u016fzn\u00e9 barvy"},"content":{"rendered":"<p>Bezdr\u00e1tov\u00e1 optick\u00e1 my\u0161 2,4GHz USB k notebooku nebo PC, r\u016fzn\u00e9 barvy<\/p>\n<p>Barvy \u010dern\u00e1, b\u00edl\u00e1, modr\u00e1<br \/>\nOptick\u00e1 bezdr\u00e1tov\u00e1 my\u0161 2,4GHz, nejsou pot\u0159eba \u017e\u00e1dn\u00e9 ovlada\u010de<br \/>\nNap\u00e1jen\u00ed 2\u00d7 baterie mikro 1,5V AAA<br \/>\nMal\u00e9 rozm\u011bry, kole\u010dko<br \/>\nMiniat\u016frn\u00ed design<\/p>\n<p>Rozhran\u00ed: USB<br \/>\nPodporovan\u00e9 OS: Windows 10\/8\/7\/Vista\/XP\/2000\/Android\/Linux<br \/>\nPo\u010det tla\u010d\u00edtek: 3<br \/>\nRozli\u0161en\u00ed (dpi): 1000 dpi<\/p>\n","protected":false},"excerpt":{"rendered":"<p>Bezdr\u00e1tov\u00e1 optick\u00e1 my\u0161 2,4GHz USB k notebooku nebo PC, r\u016fzn\u00e9 barvy Barvy \u010dern\u00e1, b\u00edl\u00e1, modr\u00e1 Optick\u00e1 bezdr\u00e1tov\u00e1 my\u0161 2,4GHz, nejsou pot\u0159eba \u017e\u00e1dn\u00e9 ovlada\u010de Nap\u00e1jen\u00ed 2\u00d7 baterie mikro 1,5V AAA Mal\u00e9 rozm\u011bry, kole\u010dko Miniat\u016frn\u00ed design Rozhran\u00ed: USB Podporovan\u00e9 OS: Windows 10\/8\/7\/Vista\/XP\/2000\/Android\/Linux Po\u010det tla\u010d\u00edtek: 3 Rozli\u0161en\u00ed (dpi): 1000 dpi<\/p>\n","protected":false},"featured_media":563,"comment_status":"open","ping_status":"closed","template":"","meta":[],"product_brand":[],"product_cat":[27],"product_tag":[],"class_list":{"0":"post-562","1":"product","2":"type-product","3":"status-publish","4":"has-post-thumbnail","6":"product_cat-pocitace","8":"first","9":"instock","10":"taxable","11":"shipping-taxable","12":"purchasable","13":"product-type-simple"},"jetpack_sharing_enabled":true,"_links":{"self":[{"href":"https:\/\/www.eBai.cz\/eshop\/wp-json\/wp\/v2\/product\/562","targetHints":{"allow":["GET"]}}],"collection":[{"href":"https:\/\/www.eBai.cz\/eshop\/wp-json\/wp\/v2\/product"}],"about":[{"href":"https:\/\/www.eBai.cz\/eshop\/wp-json\/wp\/v2\/types\/product"}],"replies":[{"embeddable":true,"href":"https:\/\/www.eBai.cz\/eshop\/wp-json\/wp\/v2\/comments?post=562"}],"wp:featuredmedia":[{"embeddable":true,"href":"https:\/\/www.eBai.cz\/eshop\/wp-json\/wp\/v2\/media\/563"}],"wp:attachment":[{"href":"https:\/\/www.eBai.cz\/eshop\/wp-json\/wp\/v2\/media?parent=562"}],"wp:term":[{"taxonomy":"product_brand","embeddable":true,"href":"https:\/\/www.eBai.cz\/eshop\/wp-json\/wp\/v2\/product_brand?post=562"},{"taxonomy":"product_cat","embeddable":true,"href":"https:\/\/www.eBai.cz\/eshop\/wp-json\/wp\/v2\/product_cat?post=562"},{"taxonomy":"product_tag","embeddable":true,"href":"https:\/\/www.eBai.cz\/eshop\/wp-json\/wp\/v2\/product_tag?post=562"}],"curies":[{"name":"wp","href":"https:\/\/api.w.org\/{rel}","templated":true}]}}