{"id":560,"date":"2020-02-13T18:35:57","date_gmt":"2020-02-13T17:35:57","guid":{"rendered":"https:\/\/www.eBai.cz\/eshop\/?post_type=product&#038;p=560"},"modified":"2025-03-01T23:50:42","modified_gmt":"2025-03-01T22:50:42","slug":"mys-lenovo-m20-usb-cerna-dratova","status":"publish","type":"product","link":"https:\/\/www.eBai.cz\/eshop\/produkt\/mys-lenovo-m20-usb-cerna-dratova\/","title":{"rendered":"My\u0161 Lenovo M20, USB, \u010dern\u00e1, dr\u00e1tov\u00e1"},"content":{"rendered":"<p>Optick\u00e1 my\u0161 dr\u00e1tov\u00e1 \u010dern\u00e1 oby\u010dejn\u00e1 USB<\/p>\n","protected":false},"excerpt":{"rendered":"<p>Optick\u00e1 my\u0161 dr\u00e1tov\u00e1 \u010dern\u00e1 oby\u010dejn\u00e1 USB<\/p>\n","protected":false},"featured_media":561,"comment_status":"open","ping_status":"closed","template":"","meta":[],"product_brand":[],"product_cat":[27],"product_tag":[],"class_list":{"0":"post-560","1":"product","2":"type-product","3":"status-publish","4":"has-post-thumbnail","6":"product_cat-pocitace","8":"first","9":"instock","10":"taxable","11":"shipping-taxable","12":"purchasable","13":"product-type-simple"},"jetpack_sharing_enabled":true,"_links":{"self":[{"href":"https:\/\/www.eBai.cz\/eshop\/wp-json\/wp\/v2\/product\/560","targetHints":{"allow":["GET"]}}],"collection":[{"href":"https:\/\/www.eBai.cz\/eshop\/wp-json\/wp\/v2\/product"}],"about":[{"href":"https:\/\/www.eBai.cz\/eshop\/wp-json\/wp\/v2\/types\/product"}],"replies":[{"embeddable":true,"href":"https:\/\/www.eBai.cz\/eshop\/wp-json\/wp\/v2\/comments?post=560"}],"wp:featuredmedia":[{"embeddable":true,"href":"https:\/\/www.eBai.cz\/eshop\/wp-json\/wp\/v2\/media\/561"}],"wp:attachment":[{"href":"https:\/\/www.eBai.cz\/eshop\/wp-json\/wp\/v2\/media?parent=560"}],"wp:term":[{"taxonomy":"product_brand","embeddable":true,"href":"https:\/\/www.eBai.cz\/eshop\/wp-json\/wp\/v2\/product_brand?post=560"},{"taxonomy":"product_cat","embeddable":true,"href":"https:\/\/www.eBai.cz\/eshop\/wp-json\/wp\/v2\/product_cat?post=560"},{"taxonomy":"product_tag","embeddable":true,"href":"https:\/\/www.eBai.cz\/eshop\/wp-json\/wp\/v2\/product_tag?post=560"}],"curies":[{"name":"wp","href":"https:\/\/api.w.org\/{rel}","templated":true}]}}