{"id":538,"date":"2020-02-13T13:08:44","date_gmt":"2020-02-13T12:08:44","guid":{"rendered":"https:\/\/www.eBai.cz\/eshop\/?post_type=product&#038;p=538"},"modified":"2025-03-02T00:06:53","modified_gmt":"2025-03-01T23:06:53","slug":"mikrofon-externi-35mm-jack-na-notebook-fotoaparat-kameru","status":"publish","type":"product","link":"https:\/\/www.eBai.cz\/eshop\/produkt\/mikrofon-externi-35mm-jack-na-notebook-fotoaparat-kameru\/","title":{"rendered":"Mikrofon extern\u00ed 3,5mm jack na notebook \/ fotoapar\u00e1t \/ kameru"},"content":{"rendered":"<p>Mikrofon extern\u00ed 3,5mm jack na notebook \/ fotoapar\u00e1t \/ kameru<\/p>\n<p>Parametry:<br \/>\n\u2022 velik\u00e1 citlivost i na vzd\u00e1lenost 3m<br \/>\n\u2022 Pln\u011b ohebn\u00fd<br \/>\n\u2022 12cm dlouh\u00fd<br \/>\n\u2022 jack 3,5mm<br \/>\n\u2022 p\u0159ij\u00edm\u00e1 zvuk na velkou vzd\u00e1lenost<br \/>\n\u2022 v\u00e1ha 15g<\/p>\n","protected":false},"excerpt":{"rendered":"<p>Mikrofon extern\u00ed 3,5mm jack na notebook \/ fotoapar\u00e1t \/ kameru Parametry: \u2022 velik\u00e1 citlivost i na vzd\u00e1lenost 3m \u2022 Pln\u011b ohebn\u00fd \u2022 12cm dlouh\u00fd \u2022 jack 3,5mm \u2022 p\u0159ij\u00edm\u00e1 zvuk na velkou vzd\u00e1lenost \u2022 v\u00e1ha 15g<\/p>\n","protected":false},"featured_media":539,"comment_status":"open","ping_status":"closed","template":"","meta":[],"product_brand":[],"product_cat":[27,17],"product_tag":[],"class_list":{"0":"post-538","1":"product","2":"type-product","3":"status-publish","4":"has-post-thumbnail","6":"product_cat-pocitace","7":"product_cat-elektronika","9":"first","10":"instock","11":"sale","12":"taxable","13":"shipping-taxable","14":"purchasable","15":"product-type-simple"},"jetpack_sharing_enabled":true,"_links":{"self":[{"href":"https:\/\/www.eBai.cz\/eshop\/wp-json\/wp\/v2\/product\/538","targetHints":{"allow":["GET"]}}],"collection":[{"href":"https:\/\/www.eBai.cz\/eshop\/wp-json\/wp\/v2\/product"}],"about":[{"href":"https:\/\/www.eBai.cz\/eshop\/wp-json\/wp\/v2\/types\/product"}],"replies":[{"embeddable":true,"href":"https:\/\/www.eBai.cz\/eshop\/wp-json\/wp\/v2\/comments?post=538"}],"wp:featuredmedia":[{"embeddable":true,"href":"https:\/\/www.eBai.cz\/eshop\/wp-json\/wp\/v2\/media\/539"}],"wp:attachment":[{"href":"https:\/\/www.eBai.cz\/eshop\/wp-json\/wp\/v2\/media?parent=538"}],"wp:term":[{"taxonomy":"product_brand","embeddable":true,"href":"https:\/\/www.eBai.cz\/eshop\/wp-json\/wp\/v2\/product_brand?post=538"},{"taxonomy":"product_cat","embeddable":true,"href":"https:\/\/www.eBai.cz\/eshop\/wp-json\/wp\/v2\/product_cat?post=538"},{"taxonomy":"product_tag","embeddable":true,"href":"https:\/\/www.eBai.cz\/eshop\/wp-json\/wp\/v2\/product_tag?post=538"}],"curies":[{"name":"wp","href":"https:\/\/api.w.org\/{rel}","templated":true}]}}