{"id":537,"date":"2020-02-13T13:05:19","date_gmt":"2020-02-13T12:05:19","guid":{"rendered":"https:\/\/www.eBai.cz\/eshop\/?post_type=product&#038;p=537"},"modified":"2025-03-02T00:12:12","modified_gmt":"2025-03-01T23:12:12","slug":"antena-24ghz-vsesmerova-7dbi-rsma-interierova-20cm","status":"publish","type":"product","link":"https:\/\/www.eBai.cz\/eshop\/produkt\/antena-24ghz-vsesmerova-7dbi-rsma-interierova-20cm\/","title":{"rendered":"Ant\u00e9na 2,4GHz v\u0161esm\u011brov\u00e1 7dBi RSMA interi\u00e9rov\u00e1 20cm"},"content":{"rendered":"<p>Ant\u00e9na 2,4GHz v\u0161esm\u011brov\u00e1 7dBi RSMA interi\u00e9rov\u00e1 20cm<\/p>\n<p>Popis produktu:<br \/>\n&#8211; reverzn\u00ed SMA female 2.4GHz 7dBi Wireless WLAN<br \/>\n&#8211; frekvence 2,4GHz<br \/>\n&#8211; d\u00e9lka 20cm<br \/>\n&#8211; v\u00e1ha 28g<\/p>\n","protected":false},"excerpt":{"rendered":"<p>Ant\u00e9na 2,4GHz v\u0161esm\u011brov\u00e1 7dBi RSMA interi\u00e9rov\u00e1 20cm Popis produktu: &#8211; reverzn\u00ed SMA female 2.4GHz 7dBi Wireless WLAN &#8211; frekvence 2,4GHz &#8211; d\u00e9lka 20cm &#8211; v\u00e1ha 28g<\/p>\n","protected":false},"featured_media":536,"comment_status":"open","ping_status":"closed","template":"","meta":[],"product_brand":[],"product_cat":[27],"product_tag":[],"class_list":{"0":"post-537","1":"product","2":"type-product","3":"status-publish","4":"has-post-thumbnail","6":"product_cat-pocitace","8":"first","9":"instock","10":"sale","11":"taxable","12":"shipping-taxable","13":"purchasable","14":"product-type-simple"},"jetpack_sharing_enabled":true,"_links":{"self":[{"href":"https:\/\/www.eBai.cz\/eshop\/wp-json\/wp\/v2\/product\/537","targetHints":{"allow":["GET"]}}],"collection":[{"href":"https:\/\/www.eBai.cz\/eshop\/wp-json\/wp\/v2\/product"}],"about":[{"href":"https:\/\/www.eBai.cz\/eshop\/wp-json\/wp\/v2\/types\/product"}],"replies":[{"embeddable":true,"href":"https:\/\/www.eBai.cz\/eshop\/wp-json\/wp\/v2\/comments?post=537"}],"wp:featuredmedia":[{"embeddable":true,"href":"https:\/\/www.eBai.cz\/eshop\/wp-json\/wp\/v2\/media\/536"}],"wp:attachment":[{"href":"https:\/\/www.eBai.cz\/eshop\/wp-json\/wp\/v2\/media?parent=537"}],"wp:term":[{"taxonomy":"product_brand","embeddable":true,"href":"https:\/\/www.eBai.cz\/eshop\/wp-json\/wp\/v2\/product_brand?post=537"},{"taxonomy":"product_cat","embeddable":true,"href":"https:\/\/www.eBai.cz\/eshop\/wp-json\/wp\/v2\/product_cat?post=537"},{"taxonomy":"product_tag","embeddable":true,"href":"https:\/\/www.eBai.cz\/eshop\/wp-json\/wp\/v2\/product_tag?post=537"}],"curies":[{"name":"wp","href":"https:\/\/api.w.org\/{rel}","templated":true}]}}