{"id":532,"date":"2020-02-13T13:01:38","date_gmt":"2020-02-13T12:01:38","guid":{"rendered":"https:\/\/www.eBai.cz\/eshop\/?post_type=product&#038;p=532"},"modified":"2025-03-02T00:06:07","modified_gmt":"2025-03-01T23:06:07","slug":"kabel-redukce-antena-dvb-t-z-mini-na-klasicky-konektor","status":"publish","type":"product","link":"https:\/\/www.eBai.cz\/eshop\/produkt\/kabel-redukce-antena-dvb-t-z-mini-na-klasicky-konektor\/","title":{"rendered":"Kabel redukce ant\u00e9na DVB-T z mini na klasick\u00fd konektor"},"content":{"rendered":"<p>Ant\u00e9nn\u00ed kabelov\u00e1 redukce z mini na velk\u00fd ant\u00e9nn\u00ed koax<br \/>\nRedukce k USB DVB-T.<\/p>\n","protected":false},"excerpt":{"rendered":"<p>Ant\u00e9nn\u00ed kabelov\u00e1 redukce z mini na velk\u00fd ant\u00e9nn\u00ed koax Redukce k USB DVB-T.<\/p>\n","protected":false},"featured_media":533,"comment_status":"open","ping_status":"closed","template":"","meta":[],"product_brand":[],"product_cat":[27,17],"product_tag":[],"class_list":{"0":"post-532","1":"product","2":"type-product","3":"status-publish","4":"has-post-thumbnail","6":"product_cat-pocitace","7":"product_cat-elektronika","9":"first","10":"instock","11":"sale","12":"taxable","13":"shipping-taxable","14":"purchasable","15":"product-type-simple"},"jetpack_sharing_enabled":true,"_links":{"self":[{"href":"https:\/\/www.eBai.cz\/eshop\/wp-json\/wp\/v2\/product\/532","targetHints":{"allow":["GET"]}}],"collection":[{"href":"https:\/\/www.eBai.cz\/eshop\/wp-json\/wp\/v2\/product"}],"about":[{"href":"https:\/\/www.eBai.cz\/eshop\/wp-json\/wp\/v2\/types\/product"}],"replies":[{"embeddable":true,"href":"https:\/\/www.eBai.cz\/eshop\/wp-json\/wp\/v2\/comments?post=532"}],"wp:featuredmedia":[{"embeddable":true,"href":"https:\/\/www.eBai.cz\/eshop\/wp-json\/wp\/v2\/media\/533"}],"wp:attachment":[{"href":"https:\/\/www.eBai.cz\/eshop\/wp-json\/wp\/v2\/media?parent=532"}],"wp:term":[{"taxonomy":"product_brand","embeddable":true,"href":"https:\/\/www.eBai.cz\/eshop\/wp-json\/wp\/v2\/product_brand?post=532"},{"taxonomy":"product_cat","embeddable":true,"href":"https:\/\/www.eBai.cz\/eshop\/wp-json\/wp\/v2\/product_cat?post=532"},{"taxonomy":"product_tag","embeddable":true,"href":"https:\/\/www.eBai.cz\/eshop\/wp-json\/wp\/v2\/product_tag?post=532"}],"curies":[{"name":"wp","href":"https:\/\/api.w.org\/{rel}","templated":true}]}}